{"id":13802,"date":"2024-04-05T03:12:36","date_gmt":"2024-04-05T07:12:36","guid":{"rendered":"https:\/\/beiamedispa.com\/product\/ideal-complex-gel-revitalizante-para-ojos-2\/"},"modified":"2024-04-05T03:12:37","modified_gmt":"2024-04-05T07:12:37","slug":"ideal-complex-gel-revitalizante-para-ojos-2","status":"publish","type":"product","link":"https:\/\/beiamedispa.com\/es\/producto\/ideal-complex-gel-revitalizante-para-ojos-2\/","title":{"rendered":"Ideal Complex\u00ae Gel Revitalizante para Ojos"},"content":{"rendered":"<p>Despu\u00e9s de limpiar y aplicar cualquier suero de tratamiento PCA SKIN, aplique una peque\u00f1a cantidad alrededor del \u00e1rea de los ojos y directamente sobre el p\u00e1rpado dos veces al d\u00eda. A continuaci\u00f3n, aplique el producto adecuado PCA SKIN de amplio espectro SPF durante el d\u00eda o la crema hidratante por la noche.<\/p>\n<p><iframe title=\"C\u00f3mo minimizar las arrugas e iluminar los ojos con PCA SKIN Ideal Complex\" src=\"https:\/\/www.youtube.com\/embed\/lKy5uAA8AHU\" width=\"883\" height=\"358\" frameborder=\"0\" allowfullscreen=\"allowfullscreen\"><\/iframe><\/p>\n<p><strong>Ingredientes: <\/strong>Agua, ciclopentasiloxano, glicerina, propanodiol, butilenglicol, dimeticona, polisilicona-11, hidroxiestearato de etilhexilo, copol\u00edmero de acrilato de hidroxietilo\/acriloildimetil taurato de sodio, goma de acacia de Senegal, niacinamida, extracto de corteza de Albizia julibrissin, caprilil glicol, isohexadecano, extracto de cultivo de callo de Citrus aurantium dulcis (naranja), fenoxietanol, extracto de corteza de Fraxinus excelsior, carb\u00f3mero, hidroxietilcelulosa, decil gluc\u00f3sido, hexilenglicol, pentilenglicol, aminometilo Propanol, polisorbato 60, citrato de potasio, silanotriol, hidroxipropilciclodextrina, goma xantana, miristoil nonap\u00e9ptido-3, extracto de bulbo de azafr\u00e1n crisante, miristoil hexap\u00e9ptido-4, miristoil pentap\u00e9ptido-8, dip\u00e9ptido diaminobutiroil diacetato de bencilamida, acetil tetrap\u00e9ptido-5, darut\u00f3sido, palmitoil trip\u00e9ptido-38<\/p>\n","protected":false},"excerpt":{"rendered":"<p>Disponible en dos texturas, este gel para ojos de \u00faltima generaci\u00f3n fortalece, reafirma y levanta la piel alrededor de toda el \u00e1rea de los ojos, incluido el p\u00e1rpado. Su textura ligera en gel es excelente para todo tipo de pieles.<\/p>\n<ul>\n<li>Un producto para tratar las ojeras, la hinchaz\u00f3n, las l\u00edneas finas, las arrugas y la flacidez de los p\u00e1rpados simult\u00e1neamente<\/li>\n<li>Se puede aplicar directamente sobre el p\u00e1rpado para reafirmar y levantar<\/li>\n<li>Tiene una textura ligera y sedosa<\/li>\n<li>Resultados r\u00e1pidos vistos en una semana<\/li>\n<\/ul>\n","protected":false},"featured_media":13708,"comment_status":"open","ping_status":"closed","template":"","meta":{"ocean_post_layout":"","ocean_both_sidebars_style":"","ocean_both_sidebars_content_width":0,"ocean_both_sidebars_sidebars_width":0,"ocean_sidebar":"0","ocean_second_sidebar":"0","ocean_disable_margins":"enable","ocean_add_body_class":"","ocean_shortcode_before_top_bar":"","ocean_shortcode_after_top_bar":"","ocean_shortcode_before_header":"","ocean_shortcode_after_header":"","ocean_has_shortcode":"","ocean_shortcode_after_title":"","ocean_shortcode_before_footer_widgets":"","ocean_shortcode_after_footer_widgets":"","ocean_shortcode_before_footer_bottom":"","ocean_shortcode_after_footer_bottom":"","ocean_display_top_bar":"default","ocean_display_header":"default","ocean_header_style":"","ocean_center_header_left_menu":"0","ocean_custom_header_template":"0","ocean_custom_logo":0,"ocean_custom_retina_logo":0,"ocean_custom_logo_max_width":0,"ocean_custom_logo_tablet_max_width":0,"ocean_custom_logo_mobile_max_width":0,"ocean_custom_logo_max_height":0,"ocean_custom_logo_tablet_max_height":0,"ocean_custom_logo_mobile_max_height":0,"ocean_header_custom_menu":"0","ocean_menu_typo_font_family":"0","ocean_menu_typo_font_subset":"","ocean_menu_typo_font_size":0,"ocean_menu_typo_font_size_tablet":0,"ocean_menu_typo_font_size_mobile":0,"ocean_menu_typo_font_size_unit":"px","ocean_menu_typo_font_weight":"","ocean_menu_typo_font_weight_tablet":"","ocean_menu_typo_font_weight_mobile":"","ocean_menu_typo_transform":"","ocean_menu_typo_transform_tablet":"","ocean_menu_typo_transform_mobile":"","ocean_menu_typo_line_height":0,"ocean_menu_typo_line_height_tablet":0,"ocean_menu_typo_line_height_mobile":0,"ocean_menu_typo_line_height_unit":"","ocean_menu_typo_spacing":0,"ocean_menu_typo_spacing_tablet":0,"ocean_menu_typo_spacing_mobile":0,"ocean_menu_typo_spacing_unit":"","ocean_menu_link_color":"","ocean_menu_link_color_hover":"","ocean_menu_link_color_active":"","ocean_menu_link_background":"","ocean_menu_link_hover_background":"","ocean_menu_link_active_background":"","ocean_menu_social_links_bg":"","ocean_menu_social_hover_links_bg":"","ocean_menu_social_links_color":"","ocean_menu_social_hover_links_color":"","ocean_disable_title":"default","ocean_disable_heading":"default","ocean_post_title":"","ocean_post_subheading":"","ocean_post_title_style":"","ocean_post_title_background_color":"","ocean_post_title_background":0,"ocean_post_title_bg_image_position":"","ocean_post_title_bg_image_attachment":"","ocean_post_title_bg_image_repeat":"","ocean_post_title_bg_image_size":"","ocean_post_title_height":0,"ocean_post_title_bg_overlay":0.5,"ocean_post_title_bg_overlay_color":"","ocean_disable_breadcrumbs":"default","ocean_breadcrumbs_color":"","ocean_breadcrumbs_separator_color":"","ocean_breadcrumbs_links_color":"","ocean_breadcrumbs_links_hover_color":"","ocean_display_footer_widgets":"default","ocean_display_footer_bottom":"default","ocean_custom_footer_template":"0","_links_to":"","_links_to_target":""},"product_brand":[],"product_cat":[375],"product_tag":[],"giftcard-category":[],"class_list":{"0":"post-13802","1":"product","2":"type-product","3":"status-publish","4":"has-post-thumbnail","6":"product_cat-ojo-cuello-labio","8":"entry","9":"has-media","11":"first","12":"instock","13":"taxable","14":"shipping-taxable","15":"purchasable","16":"product-type-simple","17":"has-product-nav","18":"col","19":"span_1_of_4","20":"owp-content-center","21":"owp-thumbs-layout-horizontal","22":"owp-btn-normal","23":"owp-tabs-layout-horizontal"},"_links":{"self":[{"href":"https:\/\/beiamedispa.com\/es\/wp-json\/wp\/v2\/product\/13802","targetHints":{"allow":["GET"]}}],"collection":[{"href":"https:\/\/beiamedispa.com\/es\/wp-json\/wp\/v2\/product"}],"about":[{"href":"https:\/\/beiamedispa.com\/es\/wp-json\/wp\/v2\/types\/product"}],"replies":[{"embeddable":true,"href":"https:\/\/beiamedispa.com\/es\/wp-json\/wp\/v2\/comments?post=13802"}],"version-history":[{"count":1,"href":"https:\/\/beiamedispa.com\/es\/wp-json\/wp\/v2\/product\/13802\/revisions"}],"predecessor-version":[{"id":13806,"href":"https:\/\/beiamedispa.com\/es\/wp-json\/wp\/v2\/product\/13802\/revisions\/13806"}],"wp:featuredmedia":[{"embeddable":true,"href":"https:\/\/beiamedispa.com\/es\/wp-json\/wp\/v2\/media\/13708"}],"wp:attachment":[{"href":"https:\/\/beiamedispa.com\/es\/wp-json\/wp\/v2\/media?parent=13802"}],"wp:term":[{"taxonomy":"product_brand","embeddable":true,"href":"https:\/\/beiamedispa.com\/es\/wp-json\/wp\/v2\/product_brand?post=13802"},{"taxonomy":"product_cat","embeddable":true,"href":"https:\/\/beiamedispa.com\/es\/wp-json\/wp\/v2\/product_cat?post=13802"},{"taxonomy":"product_tag","embeddable":true,"href":"https:\/\/beiamedispa.com\/es\/wp-json\/wp\/v2\/product_tag?post=13802"},{"taxonomy":"giftcard-category","embeddable":true,"href":"https:\/\/beiamedispa.com\/es\/wp-json\/wp\/v2\/giftcard-category?post=13802"}],"curies":[{"name":"wp","href":"https:\/\/api.w.org\/{rel}","templated":true}]}}