{"id":13798,"date":"2024-04-05T03:12:33","date_gmt":"2024-04-05T07:12:33","guid":{"rendered":"https:\/\/beiamedispa.com\/product\/ideal-complex-gel-revitalizante-para-ojos\/"},"modified":"2024-04-05T03:12:35","modified_gmt":"2024-04-05T07:12:35","slug":"ideal-complex-gel-revitalizante-para-ojos","status":"publish","type":"product","link":"https:\/\/beiamedispa.com\/es\/producto\/ideal-complex-gel-revitalizante-para-ojos\/","title":{"rendered":"Ideal Complex Gel Revitalizante para Ojos"},"content":{"rendered":"<p>Despu\u00e9s de limpiar y tonificar, apl\u00edcalo sobre el rostro, el cuello y el escote, concentr\u00e1ndote en las \u00e1reas de arrugas y laxitud. \u00daselo dos veces al d\u00eda para obtener los m\u00e1ximos beneficios. A continuaci\u00f3n, aplique los sueros de tratamiento PCA SKIN adecuados, el producto SPF de amplio espectro durante el d\u00eda y la crema hidratante por la noche.<\/p>\n<p><strong>Ingredientes<\/strong>: Agua, Polisilicona-11, Propanodiol, Glicerina, Butilenglicol, Miristato de \u00c9ter Benc\u00edlico PPG-3, Polisorbato 20, Poliacriloildimetiltaurato de Sodio, Caprilil Glicol, Benzoato de Sodio, Hidroxipropilmetilcelulosa, Hialuronato de Sodio, Florasa, Brasilato de Etileno, Pululano, \u00c1cido Hialur\u00f3nico Hidrolizado, Sorbato de Potasio, Hialuronato Acetilado de Sodio, \u00c1cido L\u00e1ctico, Laureth-12, Carnosina, Extracto de Tricholoma Matsutake, Fenoxietanol, Pol\u00edmero Cruzado de Hexillactona HDI\/Trimetilol,  Polimetilsilsesquioxano, extracto de Anigozanthos flavidus, extracto de Porphyridium cruentum, pentilenglicol, etilhexilglicerina, fermento de bacilo, pol\u00edmero cruzado de hialuronato de sodio, acetil octap\u00e9ptido-3, acetil trip\u00e9ptido-54 amida, acetil trip\u00e9ptido-74 amida, palmitoil sh-trip\u00e9ptido-1 amida, palmitoil sh-trip\u00e9ptido-3 amida, ergotione\u00edna. *Basado en hallazgos in vitro<\/p>\n","protected":false},"excerpt":{"rendered":"<p>El enfoque <strong>profesional<\/strong>para la renovaci\u00f3n de la edad <strong>m\u00e1xima<\/strong><sup>1<\/sup><\/p>\n<p>S\u00e9rum antiedad avanzado cl\u00ednicamente probado para mejorar y reafirmar el aspecto de la piel en un 60%*. Mientras que los factores de crecimiento convencionales se asientan en la superficie de la piel, la tecnolog\u00eda de microfactores de crecimiento (MGF) pendiente de patente en Pro-Max Age Renewal penetra 10 veces m\u00e1s profundamente que los factores de crecimiento convencionales** para apoyar la producci\u00f3n de col\u00e1geno y reducir la aparici\u00f3n de flacidez, p\u00e9rdida de volumen, falta de firmeza y arrugas.<\/p>\n<p>RESULTADOS CL\u00cdNICOS A PARTIR DE 1 SEMANA<\/p>\n<p>Levantamiento<br \/>\nSe ha demostrado cl\u00ednicamente que mejora y reafirma el aspecto de la piel en un <strong>60 %<\/strong>*<\/p>\n<p>Reafirmante<br \/>\nSuaviza las l\u00edneas visibles y las arrugas gruesas en <strong>un 40%<\/strong>*<\/p>\n<p>Restauraci\u00f3n de volumen<br \/>\nPiel visiblemente m\u00e1s voluminosa, con una mejora del <strong>58 %<\/strong> en el relleno del aspecto de la piel*<\/p>\n<p><sup>1<\/sup> frente <strong>a la cartera de PCA SKIN<\/strong><sup>\u00ae<\/sup><br \/>\n*Datos de 24 semanas archivados en PCASKIN. N=47<br \/>\n** Definidos como factores de crecimiento convencionales con un promedio de 155 amino\u00e1cidos (peso molecular de 17 KD)<\/p>\n","protected":false},"featured_media":13660,"comment_status":"open","ping_status":"closed","template":"","meta":{"ocean_post_layout":"","ocean_both_sidebars_style":"","ocean_both_sidebars_content_width":0,"ocean_both_sidebars_sidebars_width":0,"ocean_sidebar":"0","ocean_second_sidebar":"0","ocean_disable_margins":"enable","ocean_add_body_class":"","ocean_shortcode_before_top_bar":"","ocean_shortcode_after_top_bar":"","ocean_shortcode_before_header":"","ocean_shortcode_after_header":"","ocean_has_shortcode":"","ocean_shortcode_after_title":"","ocean_shortcode_before_footer_widgets":"","ocean_shortcode_after_footer_widgets":"","ocean_shortcode_before_footer_bottom":"","ocean_shortcode_after_footer_bottom":"","ocean_display_top_bar":"default","ocean_display_header":"default","ocean_header_style":"","ocean_center_header_left_menu":"0","ocean_custom_header_template":"0","ocean_custom_logo":0,"ocean_custom_retina_logo":0,"ocean_custom_logo_max_width":0,"ocean_custom_logo_tablet_max_width":0,"ocean_custom_logo_mobile_max_width":0,"ocean_custom_logo_max_height":0,"ocean_custom_logo_tablet_max_height":0,"ocean_custom_logo_mobile_max_height":0,"ocean_header_custom_menu":"0","ocean_menu_typo_font_family":"0","ocean_menu_typo_font_subset":"","ocean_menu_typo_font_size":0,"ocean_menu_typo_font_size_tablet":0,"ocean_menu_typo_font_size_mobile":0,"ocean_menu_typo_font_size_unit":"px","ocean_menu_typo_font_weight":"","ocean_menu_typo_font_weight_tablet":"","ocean_menu_typo_font_weight_mobile":"","ocean_menu_typo_transform":"","ocean_menu_typo_transform_tablet":"","ocean_menu_typo_transform_mobile":"","ocean_menu_typo_line_height":0,"ocean_menu_typo_line_height_tablet":0,"ocean_menu_typo_line_height_mobile":0,"ocean_menu_typo_line_height_unit":"","ocean_menu_typo_spacing":0,"ocean_menu_typo_spacing_tablet":0,"ocean_menu_typo_spacing_mobile":0,"ocean_menu_typo_spacing_unit":"","ocean_menu_link_color":"","ocean_menu_link_color_hover":"","ocean_menu_link_color_active":"","ocean_menu_link_background":"","ocean_menu_link_hover_background":"","ocean_menu_link_active_background":"","ocean_menu_social_links_bg":"","ocean_menu_social_hover_links_bg":"","ocean_menu_social_links_color":"","ocean_menu_social_hover_links_color":"","ocean_disable_title":"default","ocean_disable_heading":"default","ocean_post_title":"","ocean_post_subheading":"","ocean_post_title_style":"","ocean_post_title_background_color":"","ocean_post_title_background":0,"ocean_post_title_bg_image_position":"","ocean_post_title_bg_image_attachment":"","ocean_post_title_bg_image_repeat":"","ocean_post_title_bg_image_size":"","ocean_post_title_height":0,"ocean_post_title_bg_overlay":0.5,"ocean_post_title_bg_overlay_color":"","ocean_disable_breadcrumbs":"default","ocean_breadcrumbs_color":"","ocean_breadcrumbs_separator_color":"","ocean_breadcrumbs_links_color":"","ocean_breadcrumbs_links_hover_color":"","ocean_display_footer_widgets":"default","ocean_display_footer_bottom":"default","ocean_custom_footer_template":"0","_links_to":"","_links_to_target":""},"product_brand":[],"product_cat":[367],"product_tag":[],"giftcard-category":[],"class_list":{"0":"post-13798","1":"product","2":"type-product","3":"status-publish","4":"has-post-thumbnail","6":"product_cat-sueros","8":"entry","9":"has-media","11":"first","12":"instock","13":"taxable","14":"shipping-taxable","15":"purchasable","16":"product-type-simple","17":"has-product-nav","18":"col","19":"span_1_of_4","20":"owp-content-center","21":"owp-thumbs-layout-horizontal","22":"owp-btn-normal","23":"owp-tabs-layout-horizontal"},"_links":{"self":[{"href":"https:\/\/beiamedispa.com\/es\/wp-json\/wp\/v2\/product\/13798","targetHints":{"allow":["GET"]}}],"collection":[{"href":"https:\/\/beiamedispa.com\/es\/wp-json\/wp\/v2\/product"}],"about":[{"href":"https:\/\/beiamedispa.com\/es\/wp-json\/wp\/v2\/types\/product"}],"replies":[{"embeddable":true,"href":"https:\/\/beiamedispa.com\/es\/wp-json\/wp\/v2\/comments?post=13798"}],"version-history":[{"count":1,"href":"https:\/\/beiamedispa.com\/es\/wp-json\/wp\/v2\/product\/13798\/revisions"}],"predecessor-version":[{"id":13803,"href":"https:\/\/beiamedispa.com\/es\/wp-json\/wp\/v2\/product\/13798\/revisions\/13803"}],"wp:featuredmedia":[{"embeddable":true,"href":"https:\/\/beiamedispa.com\/es\/wp-json\/wp\/v2\/media\/13660"}],"wp:attachment":[{"href":"https:\/\/beiamedispa.com\/es\/wp-json\/wp\/v2\/media?parent=13798"}],"wp:term":[{"taxonomy":"product_brand","embeddable":true,"href":"https:\/\/beiamedispa.com\/es\/wp-json\/wp\/v2\/product_brand?post=13798"},{"taxonomy":"product_cat","embeddable":true,"href":"https:\/\/beiamedispa.com\/es\/wp-json\/wp\/v2\/product_cat?post=13798"},{"taxonomy":"product_tag","embeddable":true,"href":"https:\/\/beiamedispa.com\/es\/wp-json\/wp\/v2\/product_tag?post=13798"},{"taxonomy":"giftcard-category","embeddable":true,"href":"https:\/\/beiamedispa.com\/es\/wp-json\/wp\/v2\/giftcard-category?post=13798"}],"curies":[{"name":"wp","href":"https:\/\/api.w.org\/{rel}","templated":true}]}}