{"id":13795,"date":"2024-04-05T03:12:32","date_gmt":"2024-04-05T07:12:32","guid":{"rendered":"https:\/\/beiamedispa.com\/product\/exfoliante-diario\/"},"modified":"2024-04-05T03:12:33","modified_gmt":"2024-04-05T07:12:33","slug":"exfoliante-diario","status":"publish","type":"product","link":"https:\/\/beiamedispa.com\/es\/producto\/exfoliante-diario\/","title":{"rendered":"Exfoliante diario"},"content":{"rendered":"<p>Aplicar sobre la piel h\u00fameda y masajear con suaves movimientos circulares sobre el rostro. Enjuague con agua tibia y seque. A continuaci\u00f3n, aplica el t\u00f3nico PCA SKIN adecuado, los s\u00e9rums de tratamiento y el producto SPF de amplio espectro durante el d\u00eda y la crema hidratante por la noche. Formulado para uso diario por la ma\u00f1ana o por la noche.<\/p>\n<p><strong>Ingredientes<\/strong>: Agua, sulfonato de olefina C14-16 de sodio, propanodiol, acetato de celulosa, caprililo\/gluc\u00f3sido de caprillo, copol\u00edmero de acrilatos, cocogluc\u00f3sido, oleato de glicerilo, cocoanfoacetato de sodio, glicerina, jugo de hoja de aloe barbadensis, triglic\u00e9rido capr\u00edlico\/c\u00e1prico, alcohol benc\u00edlico, cocamidopropil hidroxisulta\u00edna, etilhexilglicerina, bisabolol, \u00e9steres hidrolizados de jojoba, goma esclerotium, hidr\u00f3xido de sodio, aceite de hoja de Rosmarinus officinalis (romero), extracto de salicornia herb\u00e1cea, EDTA tetras\u00f3dico, lavandula angustifolia (Lavanda) Aceite, extracto de hoja de Camellia oleifera, extracto de semilla de avena sativa (avena)<\/p>\n","protected":false},"excerpt":{"rendered":"<p>Pule suavemente las c\u00e9lulas muertas de la piel para revelar una piel radiante y de aspecto m\u00e1s joven con este exfoliante hidratante de uso diario.<\/p>\n<ul>\n<li>Exfoliante ligero y suave apto para todo tipo de pieles<\/li>\n<li>Elimina la suciedad, los residuos y las impurezas de la piel<\/li>\n<li>Contiene exfoliantes 100% biodegradables y renovables<\/li>\n<\/ul>\n","protected":false},"featured_media":13599,"comment_status":"open","ping_status":"closed","template":"","meta":{"ocean_post_layout":"","ocean_both_sidebars_style":"","ocean_both_sidebars_content_width":0,"ocean_both_sidebars_sidebars_width":0,"ocean_sidebar":"0","ocean_second_sidebar":"0","ocean_disable_margins":"enable","ocean_add_body_class":"","ocean_shortcode_before_top_bar":"","ocean_shortcode_after_top_bar":"","ocean_shortcode_before_header":"","ocean_shortcode_after_header":"","ocean_has_shortcode":"","ocean_shortcode_after_title":"","ocean_shortcode_before_footer_widgets":"","ocean_shortcode_after_footer_widgets":"","ocean_shortcode_before_footer_bottom":"","ocean_shortcode_after_footer_bottom":"","ocean_display_top_bar":"default","ocean_display_header":"default","ocean_header_style":"","ocean_center_header_left_menu":"0","ocean_custom_header_template":"0","ocean_custom_logo":0,"ocean_custom_retina_logo":0,"ocean_custom_logo_max_width":0,"ocean_custom_logo_tablet_max_width":0,"ocean_custom_logo_mobile_max_width":0,"ocean_custom_logo_max_height":0,"ocean_custom_logo_tablet_max_height":0,"ocean_custom_logo_mobile_max_height":0,"ocean_header_custom_menu":"0","ocean_menu_typo_font_family":"0","ocean_menu_typo_font_subset":"","ocean_menu_typo_font_size":0,"ocean_menu_typo_font_size_tablet":0,"ocean_menu_typo_font_size_mobile":0,"ocean_menu_typo_font_size_unit":"px","ocean_menu_typo_font_weight":"","ocean_menu_typo_font_weight_tablet":"","ocean_menu_typo_font_weight_mobile":"","ocean_menu_typo_transform":"","ocean_menu_typo_transform_tablet":"","ocean_menu_typo_transform_mobile":"","ocean_menu_typo_line_height":0,"ocean_menu_typo_line_height_tablet":0,"ocean_menu_typo_line_height_mobile":0,"ocean_menu_typo_line_height_unit":"","ocean_menu_typo_spacing":0,"ocean_menu_typo_spacing_tablet":0,"ocean_menu_typo_spacing_mobile":0,"ocean_menu_typo_spacing_unit":"","ocean_menu_link_color":"","ocean_menu_link_color_hover":"","ocean_menu_link_color_active":"","ocean_menu_link_background":"","ocean_menu_link_hover_background":"","ocean_menu_link_active_background":"","ocean_menu_social_links_bg":"","ocean_menu_social_hover_links_bg":"","ocean_menu_social_links_color":"","ocean_menu_social_hover_links_color":"","ocean_disable_title":"default","ocean_disable_heading":"default","ocean_post_title":"","ocean_post_subheading":"","ocean_post_title_style":"","ocean_post_title_background_color":"","ocean_post_title_background":0,"ocean_post_title_bg_image_position":"","ocean_post_title_bg_image_attachment":"","ocean_post_title_bg_image_repeat":"","ocean_post_title_bg_image_size":"","ocean_post_title_height":0,"ocean_post_title_bg_overlay":0.5,"ocean_post_title_bg_overlay_color":"","ocean_disable_breadcrumbs":"default","ocean_breadcrumbs_color":"","ocean_breadcrumbs_separator_color":"","ocean_breadcrumbs_links_color":"","ocean_breadcrumbs_links_hover_color":"","ocean_display_footer_widgets":"default","ocean_display_footer_bottom":"default","ocean_custom_footer_template":"0","_links_to":"","_links_to_target":""},"product_brand":[],"product_cat":[371],"product_tag":[],"giftcard-category":[],"class_list":{"0":"post-13795","1":"product","2":"type-product","3":"status-publish","4":"has-post-thumbnail","6":"product_cat-exfoliantes","8":"entry","9":"has-media","11":"first","12":"instock","13":"taxable","14":"shipping-taxable","15":"purchasable","16":"product-type-simple","17":"has-product-nav","18":"col","19":"span_1_of_4","20":"owp-content-center","21":"owp-thumbs-layout-horizontal","22":"owp-btn-normal","23":"owp-tabs-layout-horizontal"},"_links":{"self":[{"href":"https:\/\/beiamedispa.com\/es\/wp-json\/wp\/v2\/product\/13795","targetHints":{"allow":["GET"]}}],"collection":[{"href":"https:\/\/beiamedispa.com\/es\/wp-json\/wp\/v2\/product"}],"about":[{"href":"https:\/\/beiamedispa.com\/es\/wp-json\/wp\/v2\/types\/product"}],"replies":[{"embeddable":true,"href":"https:\/\/beiamedispa.com\/es\/wp-json\/wp\/v2\/comments?post=13795"}],"version-history":[{"count":1,"href":"https:\/\/beiamedispa.com\/es\/wp-json\/wp\/v2\/product\/13795\/revisions"}],"predecessor-version":[{"id":13799,"href":"https:\/\/beiamedispa.com\/es\/wp-json\/wp\/v2\/product\/13795\/revisions\/13799"}],"wp:featuredmedia":[{"embeddable":true,"href":"https:\/\/beiamedispa.com\/es\/wp-json\/wp\/v2\/media\/13599"}],"wp:attachment":[{"href":"https:\/\/beiamedispa.com\/es\/wp-json\/wp\/v2\/media?parent=13795"}],"wp:term":[{"taxonomy":"product_brand","embeddable":true,"href":"https:\/\/beiamedispa.com\/es\/wp-json\/wp\/v2\/product_brand?post=13795"},{"taxonomy":"product_cat","embeddable":true,"href":"https:\/\/beiamedispa.com\/es\/wp-json\/wp\/v2\/product_cat?post=13795"},{"taxonomy":"product_tag","embeddable":true,"href":"https:\/\/beiamedispa.com\/es\/wp-json\/wp\/v2\/product_tag?post=13795"},{"taxonomy":"giftcard-category","embeddable":true,"href":"https:\/\/beiamedispa.com\/es\/wp-json\/wp\/v2\/giftcard-category?post=13795"}],"curies":[{"name":"wp","href":"https:\/\/api.w.org\/{rel}","templated":true}]}}