{"id":13789,"date":"2024-04-05T03:12:29","date_gmt":"2024-04-05T07:12:29","guid":{"rendered":"https:\/\/beiamedispa.com\/product\/serum-hidratante\/"},"modified":"2024-04-05T03:12:31","modified_gmt":"2024-04-05T07:12:31","slug":"serum-hidratante","status":"publish","type":"product","link":"https:\/\/beiamedispa.com\/es\/producto\/serum-hidratante\/","title":{"rendered":"S\u00e9rum hidratante"},"content":{"rendered":"<p>Despu\u00e9s de la limpieza, aplicar uniformemente en todo el rostro y el cuello por la ma\u00f1ana y por la noche. Por la ma\u00f1ana, siga con el producto SPF de amplio espectro PCA SKIN adecuado. Apl\u00edcalo durante todo el d\u00eda para una hidrataci\u00f3n instant\u00e1nea. Se puede usar junto con o como reemplazo de cualquier humectante nocturno PCA SKIN.<\/p>\n<h4 class=\"section-header\" data-v-b86d0a1c=\"\">  Por qu\u00e9 funciona<\/h4>\n<div class=\"c-base-carousel grid-padding c-before-after-carousel\" data-v-edff4f59=\"\" data-v-770fc4e7=\"\" data-v-b86d0a1c=\"\">\n<div class=\"container\" data-v-edff4f59=\"\"><\/div>\n<div class=\"container\" data-v-edff4f59=\"\">\n<div class=\"swiper swiper-initialized swiper-horizontal swiper-pointer-events swiper-backface-hidden\" data-v-edff4f59=\"\">\n<div id=\"swiper-wrapper-ed7e4c09d8a251e6\" class=\"swiper-wrapper\" aria-live=\"polite\">\n<div class=\"swiper-slide swiper-slide-active\" role=\"group\" data-v-770fc4e7=\"\" aria-label=\"1 \/ 1\">\n<div data-v-770fc4e7=\"\">\n<div class=\"c-before-after container\" data-v-4fc5180f=\"\" data-v-770fc4e7=\"\">\n<div class=\"v-row v-row--no-gutters\" data-v-4fc5180f=\"\">\n<div class=\"v-col-md-6 v-col-lg-6 v-col-12 c-before-after__column c-before-after__column--left\" data-v-4fc5180f=\"\">\n<div class=\"c-before-after__card-wrapper c-before-after__card-wrapper--left fill-height\" data-v-4fc5180f=\"\">\n<div class=\"v-card v-theme--light v-card--density-default v-card--variant-elevated c-before-after__card c-before-after__card--left\" data-v-4fc5180f=\"\">\n<div class=\"v-card__loader\">\n<div class=\"v-progress-linear v-theme--light v-locale--is-ltr\" role=\"progressbar\" aria-hidden=\"true\" aria-valuemin=\"0\" aria-valuemax=\"100\">\n<div class=\"v-progress-linear__background\"><\/div>\n<div class=\"v-progress-linear__indeterminate\">\n<div class=\"v-progress-linear__indeterminate long\"><\/div>\n<\/div>\n<\/div>\n<\/div>\n<div class=\"c-before-after__card__content c-before-after__card__content--left\" data-v-4fc5180f=\"\">\n<div class=\"c-before-after__card__content__title\" data-v-4fc5180f=\"\"><span data-v-4fc5180f=\"\">Antes<\/span><\/div>\n<div data-v-4fc5180f=\"\"><img fetchpriority=\"high\" decoding=\"async\" class=\"alignnone size-medium wp-image-13674\" src=\"https:\/\/beiamedispa.com\/wp-content\/uploads\/2024\/03\/fef048ee-5c6e-44d7-80e9-bf8446540412-300x188.webp\" alt=\"\" width=\"300\" height=\"188\" srcset=\"https:\/\/beiamedispa.com\/wp-content\/uploads\/2024\/03\/fef048ee-5c6e-44d7-80e9-bf8446540412-300x188.webp 300w, https:\/\/beiamedispa.com\/wp-content\/uploads\/2024\/03\/fef048ee-5c6e-44d7-80e9-bf8446540412-600x376.webp 600w, https:\/\/beiamedispa.com\/wp-content\/uploads\/2024\/03\/fef048ee-5c6e-44d7-80e9-bf8446540412.webp 659w\" sizes=\"(max-width: 300px) 100vw, 300px\" \/><\/div>\n<div class=\"c-before-after__card__image-wrapper\" data-v-4fc5180f=\"\"><\/div>\n<div class=\"v-row v-row--no-gutters\" data-v-4fc5180f=\"\">\n<div class=\"v-col-md-12 v-col-lg-12 v-col-5\" data-v-4fc5180f=\"\">\n<div class=\"c-before-after__card__content__header\" data-v-4fc5180f=\"\"><strong>Antes<\/strong><\/div>\n<\/div>\n<div class=\"v-col-md-12 v-col-lg-12 v-col-7\" data-v-4fc5180f=\"\">\n<div class=\"c-before-after__card__content__text\" data-v-4fc5180f=\"\"><span data-v-4fc5180f=\"\">Disminuci\u00f3n de la funci\u00f3n de barrera y sequedad excesiva<\/span><\/div>\n<\/div>\n<\/div>\n<\/div>\n<\/div>\n<\/div>\n<\/div>\n<div class=\"v-col-md-6 v-col-lg-6 v-col-12 c-before-after__column c-before-after__column--right\" data-v-4fc5180f=\"\">\n<div class=\"c-before-after__card-wrapper c-before-after__card-wrapper--right fill-height\" data-v-4fc5180f=\"\">\n<div class=\"v-card v-theme--light v-card--density-default v-card--variant-elevated c-before-after__card c-before-after__card--right\" data-v-4fc5180f=\"\">\n<div class=\"v-card__loader\">\n<div class=\"v-progress-linear v-theme--light v-locale--is-ltr\" role=\"progressbar\" aria-hidden=\"true\" aria-valuemin=\"0\" aria-valuemax=\"100\">\n<div class=\"v-progress-linear__background\"><\/div>\n<div class=\"v-progress-linear__indeterminate\">\n<div class=\"v-progress-linear__indeterminate long\"><img decoding=\"async\" class=\"alignnone size-medium wp-image-13676\" src=\"https:\/\/beiamedispa.com\/wp-content\/uploads\/2024\/03\/e734d07b-aa80-4025-93d1-8dfe7daecc0e-300x188.webp\" alt=\"\" width=\"300\" height=\"188\" srcset=\"https:\/\/beiamedispa.com\/wp-content\/uploads\/2024\/03\/e734d07b-aa80-4025-93d1-8dfe7daecc0e-300x188.webp 300w, https:\/\/beiamedispa.com\/wp-content\/uploads\/2024\/03\/e734d07b-aa80-4025-93d1-8dfe7daecc0e-600x376.webp 600w, https:\/\/beiamedispa.com\/wp-content\/uploads\/2024\/03\/e734d07b-aa80-4025-93d1-8dfe7daecc0e.webp 659w\" sizes=\"(max-width: 300px) 100vw, 300px\" \/><\/div>\n<div class=\"v-progress-linear__indeterminate short\"><\/div>\n<\/div>\n<\/div>\n<\/div>\n<div class=\"c-before-after__card__content c-before-after__card__content--right\" data-v-4fc5180f=\"\">\n<div class=\"c-before-after__card__content__title\" data-v-4fc5180f=\"\"><span data-v-4fc5180f=\"\">Despu\u00e9s<\/span><\/div>\n<div class=\"c-before-after__card__image-wrapper\" data-v-4fc5180f=\"\"><\/div>\n<div class=\"v-row v-row--no-gutters\" data-v-4fc5180f=\"\">\n<div class=\"v-col-md-12 v-col-lg-12 v-col-5\" data-v-4fc5180f=\"\">\n<div class=\"c-before-after__card__content__header\" data-v-4fc5180f=\"\"><strong>Despu\u00e9s de 1 d\u00eda<\/strong><\/div>\n<\/div>\n<div class=\"v-col-md-12 v-col-lg-12 v-col-7\" data-v-4fc5180f=\"\">\n<div class=\"c-before-after__card__content__text\" data-v-4fc5180f=\"\"><span data-v-4fc5180f=\"\">Suero hidratante dos veces al d\u00eda<\/span><\/div>\n<div data-v-4fc5180f=\"\"><\/div>\n<\/div>\n<div data-v-4fc5180f=\"\"><strong>Ingredientes<\/strong>: \u00abAgua, glicerina, poliacrilato de sodio, PCA de sodio, jugo de hoja de aloe barbadensis, lactato de sodio, gluconolactona, hialuronato de sodio, amino\u00e1cidos de trigo, extracto de germen de Triticum vulgare (trigo), benzoato de sodio, pantenol, extracto de hoja de Symphytum officinale, extracto de lisado de Saccharomyces, hidroxiprolina, fructosa, glicina, inositol, niacinamida, urea\u00bb.<\/div>\n<\/div>\n<\/div>\n<\/div>\n<\/div>\n<\/div>\n<\/div>\n<\/div>\n<\/div>\n<\/div>\n<\/div>\n<\/div>\n<\/div>\n<\/div>\n","protected":false},"excerpt":{"rendered":"<p>Un suero que contiene una mezcla especializada de antioxidantes e ingredientes que retienen la humedad para dejar la piel suave, tersa e hidratada.<\/p>\n<ul>\n<li>Aporta hidrataci\u00f3n con un acabado ligero<\/li>\n<li>Deja la piel suave, tersa e hidratada<\/li>\n<li>Aumenta la humedad y disminuye la inflamaci\u00f3n<\/li>\n<\/ul>\n","protected":false},"featured_media":13679,"comment_status":"open","ping_status":"closed","template":"","meta":{"ocean_post_layout":"","ocean_both_sidebars_style":"","ocean_both_sidebars_content_width":0,"ocean_both_sidebars_sidebars_width":0,"ocean_sidebar":"0","ocean_second_sidebar":"0","ocean_disable_margins":"enable","ocean_add_body_class":"","ocean_shortcode_before_top_bar":"","ocean_shortcode_after_top_bar":"","ocean_shortcode_before_header":"","ocean_shortcode_after_header":"","ocean_has_shortcode":"","ocean_shortcode_after_title":"","ocean_shortcode_before_footer_widgets":"","ocean_shortcode_after_footer_widgets":"","ocean_shortcode_before_footer_bottom":"","ocean_shortcode_after_footer_bottom":"","ocean_display_top_bar":"default","ocean_display_header":"default","ocean_header_style":"","ocean_center_header_left_menu":"0","ocean_custom_header_template":"0","ocean_custom_logo":0,"ocean_custom_retina_logo":0,"ocean_custom_logo_max_width":0,"ocean_custom_logo_tablet_max_width":0,"ocean_custom_logo_mobile_max_width":0,"ocean_custom_logo_max_height":0,"ocean_custom_logo_tablet_max_height":0,"ocean_custom_logo_mobile_max_height":0,"ocean_header_custom_menu":"0","ocean_menu_typo_font_family":"0","ocean_menu_typo_font_subset":"","ocean_menu_typo_font_size":0,"ocean_menu_typo_font_size_tablet":0,"ocean_menu_typo_font_size_mobile":0,"ocean_menu_typo_font_size_unit":"px","ocean_menu_typo_font_weight":"","ocean_menu_typo_font_weight_tablet":"","ocean_menu_typo_font_weight_mobile":"","ocean_menu_typo_transform":"","ocean_menu_typo_transform_tablet":"","ocean_menu_typo_transform_mobile":"","ocean_menu_typo_line_height":0,"ocean_menu_typo_line_height_tablet":0,"ocean_menu_typo_line_height_mobile":0,"ocean_menu_typo_line_height_unit":"","ocean_menu_typo_spacing":0,"ocean_menu_typo_spacing_tablet":0,"ocean_menu_typo_spacing_mobile":0,"ocean_menu_typo_spacing_unit":"","ocean_menu_link_color":"","ocean_menu_link_color_hover":"","ocean_menu_link_color_active":"","ocean_menu_link_background":"","ocean_menu_link_hover_background":"","ocean_menu_link_active_background":"","ocean_menu_social_links_bg":"","ocean_menu_social_hover_links_bg":"","ocean_menu_social_links_color":"","ocean_menu_social_hover_links_color":"","ocean_disable_title":"default","ocean_disable_heading":"default","ocean_post_title":"","ocean_post_subheading":"","ocean_post_title_style":"","ocean_post_title_background_color":"","ocean_post_title_background":0,"ocean_post_title_bg_image_position":"","ocean_post_title_bg_image_attachment":"","ocean_post_title_bg_image_repeat":"","ocean_post_title_bg_image_size":"","ocean_post_title_height":0,"ocean_post_title_bg_overlay":0.5,"ocean_post_title_bg_overlay_color":"","ocean_disable_breadcrumbs":"default","ocean_breadcrumbs_color":"","ocean_breadcrumbs_separator_color":"","ocean_breadcrumbs_links_color":"","ocean_breadcrumbs_links_hover_color":"","ocean_display_footer_widgets":"default","ocean_display_footer_bottom":"default","ocean_custom_footer_template":"0","_links_to":"","_links_to_target":""},"product_brand":[],"product_cat":[367],"product_tag":[],"giftcard-category":[],"class_list":{"0":"post-13789","1":"product","2":"type-product","3":"status-publish","4":"has-post-thumbnail","6":"product_cat-sueros","8":"entry","9":"has-media","11":"first","12":"instock","13":"taxable","14":"shipping-taxable","15":"purchasable","16":"product-type-simple","17":"has-product-nav","18":"col","19":"span_1_of_4","20":"owp-content-center","21":"owp-thumbs-layout-horizontal","22":"owp-btn-normal","23":"owp-tabs-layout-horizontal"},"_links":{"self":[{"href":"https:\/\/beiamedispa.com\/es\/wp-json\/wp\/v2\/product\/13789","targetHints":{"allow":["GET"]}}],"collection":[{"href":"https:\/\/beiamedispa.com\/es\/wp-json\/wp\/v2\/product"}],"about":[{"href":"https:\/\/beiamedispa.com\/es\/wp-json\/wp\/v2\/types\/product"}],"replies":[{"embeddable":true,"href":"https:\/\/beiamedispa.com\/es\/wp-json\/wp\/v2\/comments?post=13789"}],"version-history":[{"count":1,"href":"https:\/\/beiamedispa.com\/es\/wp-json\/wp\/v2\/product\/13789\/revisions"}],"predecessor-version":[{"id":13797,"href":"https:\/\/beiamedispa.com\/es\/wp-json\/wp\/v2\/product\/13789\/revisions\/13797"}],"wp:featuredmedia":[{"embeddable":true,"href":"https:\/\/beiamedispa.com\/es\/wp-json\/wp\/v2\/media\/13679"}],"wp:attachment":[{"href":"https:\/\/beiamedispa.com\/es\/wp-json\/wp\/v2\/media?parent=13789"}],"wp:term":[{"taxonomy":"product_brand","embeddable":true,"href":"https:\/\/beiamedispa.com\/es\/wp-json\/wp\/v2\/product_brand?post=13789"},{"taxonomy":"product_cat","embeddable":true,"href":"https:\/\/beiamedispa.com\/es\/wp-json\/wp\/v2\/product_cat?post=13789"},{"taxonomy":"product_tag","embeddable":true,"href":"https:\/\/beiamedispa.com\/es\/wp-json\/wp\/v2\/product_tag?post=13789"},{"taxonomy":"giftcard-category","embeddable":true,"href":"https:\/\/beiamedispa.com\/es\/wp-json\/wp\/v2\/giftcard-category?post=13789"}],"curies":[{"name":"wp","href":"https:\/\/api.w.org\/{rel}","templated":true}]}}