{"id":13785,"date":"2024-04-05T03:12:28","date_gmt":"2024-04-05T07:12:28","guid":{"rendered":"https:\/\/beiamedispa.com\/product\/hydrabright\/"},"modified":"2024-04-05T03:12:30","modified_gmt":"2024-04-05T07:12:30","slug":"hydrabright","status":"publish","type":"product","link":"https:\/\/beiamedispa.com\/es\/producto\/hydrabright\/","title":{"rendered":"HydraBright"},"content":{"rendered":"<p>Despu\u00e9s de limpiar, tonificar y aplicar los s\u00e9rums de tratamiento PCA SKIN, extender sobre la piel d\u00eda y\/o noche. A continuaci\u00f3n, aplique el producto PCA SKIN SPF de amplio espectro adecuado durante el d\u00eda.<\/p>\n<p><strong>Ingredientes<\/strong>: Agua, triglic\u00e9rido capr\u00edlico\/c\u00e1prico, glicerina, aceite vegetal hidrogenado, propanodiol, pentilenglicol, niacinamida, escualano, aceite de semilla de Limnanthes alba (espuma de la pradera), \u00e9steres de jojoba, estearato de pentaeritritilo, poliacrilato de sodio, alcohol cetear\u00edlico, glutamato de estearoil de sodio, clorfenesina, carb\u00f3mero, pol\u00edmero cruzado de acrilatos\/acrilato de alquilo C10-30, disuccinato de etilendiamina tris\u00f3dica, sacarosa, extracto de ra\u00edz de Glycyrrhiza Glabra (regaliz), tocoferol, \u00e1cido diglucosil g\u00e1lico, extracto de plancton,  Lecitina, aceite de semilla de Helianthus annuus (girasol), extracto de hoja de Rosmarinus officinalis (romero), palmitoil tetrap\u00e9ptido-7, crisina.<\/p>\n","protected":false},"excerpt":{"rendered":"<p><span style=\"font-weight: 400;\"><strong>HydraBright<\/strong> es un humectante diario similar a una nube que ilumina la piel seca y sin brillo en solo 21 d\u00edas.* Con una infusi\u00f3n de escualeno humectante y potentes activos iluminadores, que incluyen niacinamida, \u00e1cido g\u00e1lico bioestable y microalgas de melanina inteligente, <strong>HydraBright<\/strong> se enfoca en las tres causas comunes de la piel opaca: sequedad, textura \u00e1spera y tono desigual de la piel. El resultado es una piel suave que refleja la luz y un tono de piel radiante y uniforme para una tez iluminada, no aclarada. Una hidrataci\u00f3n m\u00e1s profunda se combina con un brillo luminoso en una crema hidratante extraordinaria.<\/span><\/p>\n<p><span style=\"font-weight: 400;\"><b>PRINCIPALES VENTAJAS<\/b><\/span><\/p>\n<ul>\n<li><span style=\"font-weight: 400;\">Ilumina e hidrata la piel seca y sin brillo en solo 21 d\u00edas*<\/span><\/li>\n<li>El 100% de los sujetos percibi\u00f3 una mejora en la apariencia de la luminosidad de la piel*<\/li>\n<li><span style=\"font-weight: 400;\">Hidrata inmediatamente la piel tras su aplicaci\u00f3n<\/span><\/li>\n<li><span style=\"font-weight: 400;\">Suaviza y mejora la textura \u00e1spera de la piel<\/span><\/li>\n<li><span style=\"font-weight: 400;\">Minimiza la aparici\u00f3n de un tono desigual de la piel<\/span><\/li>\n<\/ul>\n<p>*Resultados demostrados en un estudio de caso realizado en 13 participantes de todos los tonos de piel en el que se aplic\u00f3 HydraBright dos veces al d\u00eda durante un per\u00edodo de 12 semanas.<\/p>\n","protected":false},"featured_media":13602,"comment_status":"open","ping_status":"closed","template":"","meta":{"ocean_post_layout":"","ocean_both_sidebars_style":"","ocean_both_sidebars_content_width":0,"ocean_both_sidebars_sidebars_width":0,"ocean_sidebar":"0","ocean_second_sidebar":"0","ocean_disable_margins":"enable","ocean_add_body_class":"","ocean_shortcode_before_top_bar":"","ocean_shortcode_after_top_bar":"","ocean_shortcode_before_header":"","ocean_shortcode_after_header":"","ocean_has_shortcode":"","ocean_shortcode_after_title":"","ocean_shortcode_before_footer_widgets":"","ocean_shortcode_after_footer_widgets":"","ocean_shortcode_before_footer_bottom":"","ocean_shortcode_after_footer_bottom":"","ocean_display_top_bar":"default","ocean_display_header":"default","ocean_header_style":"","ocean_center_header_left_menu":"0","ocean_custom_header_template":"0","ocean_custom_logo":0,"ocean_custom_retina_logo":0,"ocean_custom_logo_max_width":0,"ocean_custom_logo_tablet_max_width":0,"ocean_custom_logo_mobile_max_width":0,"ocean_custom_logo_max_height":0,"ocean_custom_logo_tablet_max_height":0,"ocean_custom_logo_mobile_max_height":0,"ocean_header_custom_menu":"0","ocean_menu_typo_font_family":"0","ocean_menu_typo_font_subset":"","ocean_menu_typo_font_size":0,"ocean_menu_typo_font_size_tablet":0,"ocean_menu_typo_font_size_mobile":0,"ocean_menu_typo_font_size_unit":"px","ocean_menu_typo_font_weight":"","ocean_menu_typo_font_weight_tablet":"","ocean_menu_typo_font_weight_mobile":"","ocean_menu_typo_transform":"","ocean_menu_typo_transform_tablet":"","ocean_menu_typo_transform_mobile":"","ocean_menu_typo_line_height":0,"ocean_menu_typo_line_height_tablet":0,"ocean_menu_typo_line_height_mobile":0,"ocean_menu_typo_line_height_unit":"","ocean_menu_typo_spacing":0,"ocean_menu_typo_spacing_tablet":0,"ocean_menu_typo_spacing_mobile":0,"ocean_menu_typo_spacing_unit":"","ocean_menu_link_color":"","ocean_menu_link_color_hover":"","ocean_menu_link_color_active":"","ocean_menu_link_background":"","ocean_menu_link_hover_background":"","ocean_menu_link_active_background":"","ocean_menu_social_links_bg":"","ocean_menu_social_hover_links_bg":"","ocean_menu_social_links_color":"","ocean_menu_social_hover_links_color":"","ocean_disable_title":"default","ocean_disable_heading":"default","ocean_post_title":"","ocean_post_subheading":"","ocean_post_title_style":"","ocean_post_title_background_color":"","ocean_post_title_background":0,"ocean_post_title_bg_image_position":"","ocean_post_title_bg_image_attachment":"","ocean_post_title_bg_image_repeat":"","ocean_post_title_bg_image_size":"","ocean_post_title_height":0,"ocean_post_title_bg_overlay":0.5,"ocean_post_title_bg_overlay_color":"","ocean_disable_breadcrumbs":"default","ocean_breadcrumbs_color":"","ocean_breadcrumbs_separator_color":"","ocean_breadcrumbs_links_color":"","ocean_breadcrumbs_links_hover_color":"","ocean_display_footer_widgets":"default","ocean_display_footer_bottom":"default","ocean_custom_footer_template":"0","_links_to":"","_links_to_target":""},"product_brand":[],"product_cat":[377],"product_tag":[],"giftcard-category":[],"class_list":{"0":"post-13785","1":"product","2":"type-product","3":"status-publish","4":"has-post-thumbnail","6":"product_cat-cuidado-de-la-piel","8":"entry","9":"has-media","11":"first","12":"instock","13":"taxable","14":"shipping-taxable","15":"purchasable","16":"product-type-simple","17":"has-product-nav","18":"col","19":"span_1_of_4","20":"owp-content-center","21":"owp-thumbs-layout-horizontal","22":"owp-btn-normal","23":"owp-tabs-layout-horizontal"},"_links":{"self":[{"href":"https:\/\/beiamedispa.com\/es\/wp-json\/wp\/v2\/product\/13785","targetHints":{"allow":["GET"]}}],"collection":[{"href":"https:\/\/beiamedispa.com\/es\/wp-json\/wp\/v2\/product"}],"about":[{"href":"https:\/\/beiamedispa.com\/es\/wp-json\/wp\/v2\/types\/product"}],"replies":[{"embeddable":true,"href":"https:\/\/beiamedispa.com\/es\/wp-json\/wp\/v2\/comments?post=13785"}],"version-history":[{"count":1,"href":"https:\/\/beiamedispa.com\/es\/wp-json\/wp\/v2\/product\/13785\/revisions"}],"predecessor-version":[{"id":13793,"href":"https:\/\/beiamedispa.com\/es\/wp-json\/wp\/v2\/product\/13785\/revisions\/13793"}],"wp:featuredmedia":[{"embeddable":true,"href":"https:\/\/beiamedispa.com\/es\/wp-json\/wp\/v2\/media\/13602"}],"wp:attachment":[{"href":"https:\/\/beiamedispa.com\/es\/wp-json\/wp\/v2\/media?parent=13785"}],"wp:term":[{"taxonomy":"product_brand","embeddable":true,"href":"https:\/\/beiamedispa.com\/es\/wp-json\/wp\/v2\/product_brand?post=13785"},{"taxonomy":"product_cat","embeddable":true,"href":"https:\/\/beiamedispa.com\/es\/wp-json\/wp\/v2\/product_cat?post=13785"},{"taxonomy":"product_tag","embeddable":true,"href":"https:\/\/beiamedispa.com\/es\/wp-json\/wp\/v2\/product_tag?post=13785"},{"taxonomy":"giftcard-category","embeddable":true,"href":"https:\/\/beiamedispa.com\/es\/wp-json\/wp\/v2\/giftcard-category?post=13785"}],"curies":[{"name":"wp","href":"https:\/\/api.w.org\/{rel}","templated":true}]}}