{"id":13779,"date":"2024-04-05T03:12:26","date_gmt":"2024-04-05T07:12:26","guid":{"rendered":"https:\/\/beiamedispa.com\/product\/aceite-limpiador-diario\/"},"modified":"2024-04-05T03:12:27","modified_gmt":"2024-04-05T07:12:27","slug":"aceite-limpiador-diario","status":"publish","type":"product","link":"https:\/\/beiamedispa.com\/es\/producto\/aceite-limpiador-diario\/","title":{"rendered":"Aceite limpiador diario"},"content":{"rendered":"<p>Aplique dos o tres pulsaciones sobre las manos secas y la piel seca y masajee suavemente sobre el rostro con movimientos circulares. Agregue agua para emulsionar hasta obtener una espuma cremosa. Contin\u00fae masajeando la piel para disolver el maquillaje y los residuos. Enjuague con agua tibia y seque. A continuaci\u00f3n, aplique el t\u00f3nico PCA SKIN adecuado, los sueros de tratamiento y el producto SPF de amplio espectro durante el d\u00eda o la crema hidratante por la noche.<\/p>\n<p><strong>Ingredientes: <\/strong>Triglic\u00e9rido capr\u00edlico\/c\u00e1prico, aceite de semilla de Vitis vinifera (uva), aceite de Prunus amygdalus dulcis (almendra dulce), triisoestearato de glicerilo PEG-20, isoestearato de isopropilo, tocoferol, fragancia, aceite de glicina soja (soja), palmitato de retinilo, ascorbato de tetrahexildecilo, glicerina, aceite de hoja de eucalipto globulus, citrato de trietilo, extracto de fruta de Cornus officinalis, extracto de fruta de Cocos nucifera (coco), extracto de fruta de Pimpinella anisum (an\u00eds), extracto de fruta de Rubus idaeus (frambuesa), fruta de vainilla planifolia Extracto, Extracto de Fruta de Ananas Sativus (Pi\u00f1a), Extracto de Fruta de Citrus Aurantium Bergamia (Bergamota), Extracto de Fruta de Cucumis Melo Cantalupensis, Extracto de Semilla de Dipteryx Odorata, Extracto de Fruta de Gardenia Jasminoides, Extracto de Flor\/Hoja\/Tallo de Lavandula Angustifolia (Lavanda), Extracto de Fruta de Prunus Armeniaca (Albaricoque), Extracto de Fruta de Pyrus Communis (Pera), Extracto de Fruta de Pyrus Malus (Manzana)<\/p>\n","protected":false},"excerpt":{"rendered":"<p>Disuelve suavemente el maquillaje, la grasa y otras impurezas con este ligero aceite de prelimpieza.<\/p>\n<ul>\n<li>Disuelve la suciedad, la grasa y los residuos, incluido el maquillaje en todo el rostro<\/li>\n<li>Apto para todo tipo de pieles, incluidas las pieles grasas<\/li>\n<li>Deja la piel hidratada y suave<\/li>\n<\/ul>\n","protected":false},"featured_media":13684,"comment_status":"open","ping_status":"closed","template":"","meta":{"ocean_post_layout":"","ocean_both_sidebars_style":"","ocean_both_sidebars_content_width":0,"ocean_both_sidebars_sidebars_width":0,"ocean_sidebar":"0","ocean_second_sidebar":"0","ocean_disable_margins":"enable","ocean_add_body_class":"","ocean_shortcode_before_top_bar":"","ocean_shortcode_after_top_bar":"","ocean_shortcode_before_header":"","ocean_shortcode_after_header":"","ocean_has_shortcode":"","ocean_shortcode_after_title":"","ocean_shortcode_before_footer_widgets":"","ocean_shortcode_after_footer_widgets":"","ocean_shortcode_before_footer_bottom":"","ocean_shortcode_after_footer_bottom":"","ocean_display_top_bar":"default","ocean_display_header":"default","ocean_header_style":"","ocean_center_header_left_menu":"0","ocean_custom_header_template":"0","ocean_custom_logo":0,"ocean_custom_retina_logo":0,"ocean_custom_logo_max_width":0,"ocean_custom_logo_tablet_max_width":0,"ocean_custom_logo_mobile_max_width":0,"ocean_custom_logo_max_height":0,"ocean_custom_logo_tablet_max_height":0,"ocean_custom_logo_mobile_max_height":0,"ocean_header_custom_menu":"0","ocean_menu_typo_font_family":"0","ocean_menu_typo_font_subset":"","ocean_menu_typo_font_size":0,"ocean_menu_typo_font_size_tablet":0,"ocean_menu_typo_font_size_mobile":0,"ocean_menu_typo_font_size_unit":"px","ocean_menu_typo_font_weight":"","ocean_menu_typo_font_weight_tablet":"","ocean_menu_typo_font_weight_mobile":"","ocean_menu_typo_transform":"","ocean_menu_typo_transform_tablet":"","ocean_menu_typo_transform_mobile":"","ocean_menu_typo_line_height":0,"ocean_menu_typo_line_height_tablet":0,"ocean_menu_typo_line_height_mobile":0,"ocean_menu_typo_line_height_unit":"","ocean_menu_typo_spacing":0,"ocean_menu_typo_spacing_tablet":0,"ocean_menu_typo_spacing_mobile":0,"ocean_menu_typo_spacing_unit":"","ocean_menu_link_color":"","ocean_menu_link_color_hover":"","ocean_menu_link_color_active":"","ocean_menu_link_background":"","ocean_menu_link_hover_background":"","ocean_menu_link_active_background":"","ocean_menu_social_links_bg":"","ocean_menu_social_hover_links_bg":"","ocean_menu_social_links_color":"","ocean_menu_social_hover_links_color":"","ocean_disable_title":"default","ocean_disable_heading":"default","ocean_post_title":"","ocean_post_subheading":"","ocean_post_title_style":"","ocean_post_title_background_color":"","ocean_post_title_background":0,"ocean_post_title_bg_image_position":"","ocean_post_title_bg_image_attachment":"","ocean_post_title_bg_image_repeat":"","ocean_post_title_bg_image_size":"","ocean_post_title_height":0,"ocean_post_title_bg_overlay":0.5,"ocean_post_title_bg_overlay_color":"","ocean_disable_breadcrumbs":"default","ocean_breadcrumbs_color":"","ocean_breadcrumbs_separator_color":"","ocean_breadcrumbs_links_color":"","ocean_breadcrumbs_links_hover_color":"","ocean_display_footer_widgets":"default","ocean_display_footer_bottom":"default","ocean_custom_footer_template":"0","_links_to":"","_links_to_target":""},"product_brand":[],"product_cat":[368],"product_tag":[],"giftcard-category":[],"class_list":{"0":"post-13779","1":"product","2":"type-product","3":"status-publish","4":"has-post-thumbnail","6":"product_cat-limpiadores-tonicos","8":"entry","9":"has-media","11":"first","12":"instock","13":"taxable","14":"shipping-taxable","15":"purchasable","16":"product-type-simple","17":"has-product-nav","18":"col","19":"span_1_of_4","20":"owp-content-center","21":"owp-thumbs-layout-horizontal","22":"owp-btn-normal","23":"owp-tabs-layout-horizontal"},"_links":{"self":[{"href":"https:\/\/beiamedispa.com\/es\/wp-json\/wp\/v2\/product\/13779","targetHints":{"allow":["GET"]}}],"collection":[{"href":"https:\/\/beiamedispa.com\/es\/wp-json\/wp\/v2\/product"}],"about":[{"href":"https:\/\/beiamedispa.com\/es\/wp-json\/wp\/v2\/types\/product"}],"replies":[{"embeddable":true,"href":"https:\/\/beiamedispa.com\/es\/wp-json\/wp\/v2\/comments?post=13779"}],"version-history":[{"count":1,"href":"https:\/\/beiamedispa.com\/es\/wp-json\/wp\/v2\/product\/13779\/revisions"}],"predecessor-version":[{"id":13786,"href":"https:\/\/beiamedispa.com\/es\/wp-json\/wp\/v2\/product\/13779\/revisions\/13786"}],"wp:featuredmedia":[{"embeddable":true,"href":"https:\/\/beiamedispa.com\/es\/wp-json\/wp\/v2\/media\/13684"}],"wp:attachment":[{"href":"https:\/\/beiamedispa.com\/es\/wp-json\/wp\/v2\/media?parent=13779"}],"wp:term":[{"taxonomy":"product_brand","embeddable":true,"href":"https:\/\/beiamedispa.com\/es\/wp-json\/wp\/v2\/product_brand?post=13779"},{"taxonomy":"product_cat","embeddable":true,"href":"https:\/\/beiamedispa.com\/es\/wp-json\/wp\/v2\/product_cat?post=13779"},{"taxonomy":"product_tag","embeddable":true,"href":"https:\/\/beiamedispa.com\/es\/wp-json\/wp\/v2\/product_tag?post=13779"},{"taxonomy":"giftcard-category","embeddable":true,"href":"https:\/\/beiamedispa.com\/es\/wp-json\/wp\/v2\/giftcard-category?post=13779"}],"curies":[{"name":"wp","href":"https:\/\/api.w.org\/{rel}","templated":true}]}}