{"id":13775,"date":"2024-04-05T03:12:25","date_gmt":"2024-04-05T07:12:25","guid":{"rendered":"https:\/\/beiamedispa.com\/product\/alivio-del-enrojecimiento-de-doble-accion\/"},"modified":"2024-04-05T03:12:26","modified_gmt":"2024-04-05T07:12:26","slug":"alivio-del-enrojecimiento-de-doble-accion","status":"publish","type":"product","link":"https:\/\/beiamedispa.com\/es\/producto\/alivio-del-enrojecimiento-de-doble-accion\/","title":{"rendered":"Alivio del enrojecimiento de doble acci\u00f3n"},"content":{"rendered":"<p>Despu\u00e9s de la limpieza, aplicar en todo el rostro y el cuello por la ma\u00f1ana y por la noche para reparar la barrera y reducir el enrojecimiento. A continuaci\u00f3n, aplique el producto adecuado PCA SKIN de amplio espectro SPF durante el d\u00eda y la crema hidratante por la noche.<\/p>\n<p>&nbsp;<\/p>\n<p><strong>Ingredientes<\/strong>: Agua, Niacinamida, Isononanoato de Isononilo, Dioleato de Poligliceril-10, Pentilenglicol, Dimetilsulfona, Glicerina, Pantenol, Triglic\u00e9rido Capr\u00edlico\/C\u00e1prico, Extracto de Fruta de Silybum Marianum, Fenoxietanol, Poliacrilato de Sodio, Dimeticona, Bisabolol, Acetato de Tocoferilo, Hexildecanol, Dipalmitato de Poligliceril-10, Polimetilsilsesquioxano, Pol\u00edmero Cruzado de Lauril Dimeticona\/Poliglicerina-3, Ceramida NP, Trideceth-6, Etilhexilglicerina, Aceite de c\u00e1scara de Citrus Grandis (Pomelo), \u00c9ter met\u00edlico Bis-PEG-18 Dimetilsilano, 4-t-butilciclohexanol, PEG \/ PPG-18\/18 dimeticona, caprilil glicol, cetilhidroxiprolina palmitamida, \u00e1cido hidroxifenil propamidobenzoico, \u00e1cido este\u00e1rico, esteroles de Brassica campestris (colza), extracto de ra\u00edz de zingiber officinale (jengibre).<\/p>\n","protected":false},"excerpt":{"rendered":"<p>Mejore la funci\u00f3n de barrera de la piel al tiempo que reduce la sensibilidad y el enrojecimiento con este tratamiento restaurador que incluye niacinamida, ceramida y agentes protectores.<\/p>\n<ul>\n<li>Comienza a reducir el enrojecimiento y la inflamaci\u00f3n al contacto con la piel<\/li>\n<li>Mejora la funci\u00f3n de barrera de la piel para un alivio a largo plazo del enrojecimiento y la sensibilidad<\/li>\n<li>Calma y alivia la piel comprometida, incluso despu\u00e9s de tratamientos profesionales<\/li>\n<li>Utiliza el sistema de administraci\u00f3n OmniSome\u2122 de liberaci\u00f3n prolongada para llevar los ingredientes que mejoran la piel m\u00e1s profundamente en la piel durante un per\u00edodo de 10 horas<\/li>\n<\/ul>\n","protected":false},"featured_media":13723,"comment_status":"open","ping_status":"closed","template":"","meta":{"ocean_post_layout":"","ocean_both_sidebars_style":"","ocean_both_sidebars_content_width":0,"ocean_both_sidebars_sidebars_width":0,"ocean_sidebar":"0","ocean_second_sidebar":"0","ocean_disable_margins":"enable","ocean_add_body_class":"","ocean_shortcode_before_top_bar":"","ocean_shortcode_after_top_bar":"","ocean_shortcode_before_header":"","ocean_shortcode_after_header":"","ocean_has_shortcode":"","ocean_shortcode_after_title":"","ocean_shortcode_before_footer_widgets":"","ocean_shortcode_after_footer_widgets":"","ocean_shortcode_before_footer_bottom":"","ocean_shortcode_after_footer_bottom":"","ocean_display_top_bar":"default","ocean_display_header":"default","ocean_header_style":"","ocean_center_header_left_menu":"0","ocean_custom_header_template":"0","ocean_custom_logo":0,"ocean_custom_retina_logo":0,"ocean_custom_logo_max_width":0,"ocean_custom_logo_tablet_max_width":0,"ocean_custom_logo_mobile_max_width":0,"ocean_custom_logo_max_height":0,"ocean_custom_logo_tablet_max_height":0,"ocean_custom_logo_mobile_max_height":0,"ocean_header_custom_menu":"0","ocean_menu_typo_font_family":"0","ocean_menu_typo_font_subset":"","ocean_menu_typo_font_size":0,"ocean_menu_typo_font_size_tablet":0,"ocean_menu_typo_font_size_mobile":0,"ocean_menu_typo_font_size_unit":"px","ocean_menu_typo_font_weight":"","ocean_menu_typo_font_weight_tablet":"","ocean_menu_typo_font_weight_mobile":"","ocean_menu_typo_transform":"","ocean_menu_typo_transform_tablet":"","ocean_menu_typo_transform_mobile":"","ocean_menu_typo_line_height":0,"ocean_menu_typo_line_height_tablet":0,"ocean_menu_typo_line_height_mobile":0,"ocean_menu_typo_line_height_unit":"","ocean_menu_typo_spacing":0,"ocean_menu_typo_spacing_tablet":0,"ocean_menu_typo_spacing_mobile":0,"ocean_menu_typo_spacing_unit":"","ocean_menu_link_color":"","ocean_menu_link_color_hover":"","ocean_menu_link_color_active":"","ocean_menu_link_background":"","ocean_menu_link_hover_background":"","ocean_menu_link_active_background":"","ocean_menu_social_links_bg":"","ocean_menu_social_hover_links_bg":"","ocean_menu_social_links_color":"","ocean_menu_social_hover_links_color":"","ocean_disable_title":"default","ocean_disable_heading":"default","ocean_post_title":"","ocean_post_subheading":"","ocean_post_title_style":"","ocean_post_title_background_color":"","ocean_post_title_background":0,"ocean_post_title_bg_image_position":"","ocean_post_title_bg_image_attachment":"","ocean_post_title_bg_image_repeat":"","ocean_post_title_bg_image_size":"","ocean_post_title_height":0,"ocean_post_title_bg_overlay":0.5,"ocean_post_title_bg_overlay_color":"","ocean_disable_breadcrumbs":"default","ocean_breadcrumbs_color":"","ocean_breadcrumbs_separator_color":"","ocean_breadcrumbs_links_color":"","ocean_breadcrumbs_links_hover_color":"","ocean_display_footer_widgets":"default","ocean_display_footer_bottom":"default","ocean_custom_footer_template":"0","_links_to":"","_links_to_target":""},"product_brand":[],"product_cat":[367],"product_tag":[],"giftcard-category":[],"class_list":{"0":"post-13775","1":"product","2":"type-product","3":"status-publish","4":"has-post-thumbnail","6":"product_cat-sueros","8":"entry","9":"has-media","11":"first","12":"instock","13":"taxable","14":"shipping-taxable","15":"purchasable","16":"product-type-simple","17":"has-product-nav","18":"col","19":"span_1_of_4","20":"owp-content-center","21":"owp-thumbs-layout-horizontal","22":"owp-btn-normal","23":"owp-tabs-layout-horizontal"},"_links":{"self":[{"href":"https:\/\/beiamedispa.com\/es\/wp-json\/wp\/v2\/product\/13775","targetHints":{"allow":["GET"]}}],"collection":[{"href":"https:\/\/beiamedispa.com\/es\/wp-json\/wp\/v2\/product"}],"about":[{"href":"https:\/\/beiamedispa.com\/es\/wp-json\/wp\/v2\/types\/product"}],"replies":[{"embeddable":true,"href":"https:\/\/beiamedispa.com\/es\/wp-json\/wp\/v2\/comments?post=13775"}],"version-history":[{"count":1,"href":"https:\/\/beiamedispa.com\/es\/wp-json\/wp\/v2\/product\/13775\/revisions"}],"predecessor-version":[{"id":13781,"href":"https:\/\/beiamedispa.com\/es\/wp-json\/wp\/v2\/product\/13775\/revisions\/13781"}],"wp:featuredmedia":[{"embeddable":true,"href":"https:\/\/beiamedispa.com\/es\/wp-json\/wp\/v2\/media\/13723"}],"wp:attachment":[{"href":"https:\/\/beiamedispa.com\/es\/wp-json\/wp\/v2\/media?parent=13775"}],"wp:term":[{"taxonomy":"product_brand","embeddable":true,"href":"https:\/\/beiamedispa.com\/es\/wp-json\/wp\/v2\/product_brand?post=13775"},{"taxonomy":"product_cat","embeddable":true,"href":"https:\/\/beiamedispa.com\/es\/wp-json\/wp\/v2\/product_cat?post=13775"},{"taxonomy":"product_tag","embeddable":true,"href":"https:\/\/beiamedispa.com\/es\/wp-json\/wp\/v2\/product_tag?post=13775"},{"taxonomy":"giftcard-category","embeddable":true,"href":"https:\/\/beiamedispa.com\/es\/wp-json\/wp\/v2\/giftcard-category?post=13775"}],"curies":[{"name":"wp","href":"https:\/\/api.w.org\/{rel}","templated":true}]}}