{"id":13769,"date":"2024-04-05T03:12:19","date_gmt":"2024-04-05T07:12:19","guid":{"rendered":"https:\/\/beiamedispa.com\/product\/crema-iluminadora-de-ojos-con-vitamina-b3\/"},"modified":"2024-04-05T03:12:23","modified_gmt":"2024-04-05T07:12:23","slug":"crema-iluminadora-de-ojos-con-vitamina-b3","status":"publish","type":"product","link":"https:\/\/beiamedispa.com\/es\/producto\/crema-iluminadora-de-ojos-con-vitamina-b3\/","title":{"rendered":"Crema iluminadora de ojos con vitamina b3"},"content":{"rendered":"<p>Despu\u00e9s de limpiar, tonificar y aplicar cualquier suero de tratamiento PCA SKIN, aplique una peque\u00f1a cantidad suavemente alrededor del \u00e1rea de los ojos dos veces al d\u00eda. A continuaci\u00f3n, aplique el producto adecuado PCA SKIN de amplio espectro SPF durante el d\u00eda y la crema hidratante por la noche.<\/p>\n<p><strong>Ingredientes:<\/strong>  Agua, triglic\u00e9rido capr\u00edlico\/c\u00e1prico, niacinamida, aceite de Persea Gratissima (aguacate), glicerina, alcohol cetear\u00edlico, pentilenglicol, extracto de flor de Bellis perennis (margarita), \u00e9steres de poligliceril-3 de candelilla\/jojoba\/salvado de arroz, aceite de jojoba\/\u00e9steres de aceite de semilla de macadamia, malato de diisostearilo, copol\u00edmero de acrilato de hidroxietilo\/acriloildimetil taurato de sodio, estearato de glicerilo, alcohol behen\u00edlico, aceite de moringa\/\u00e9steres de aceite de moringa hidrogenado, aceite de semilla de Helianthus annuus (girasol), extracto de hieracium pilosella,  Estearoil Lactilato de Sodio, Fenoxietanol, Ascorbato de Tetrahexildecilo, Hidroxiacetofenona, Mica, Fluorflogopita Sint\u00e9tica, Goma Xantana, Caprilil Glicol, Extracto de Fruta de Lycium Barbarum, Escualeno, 1,2-Hexanodiol, Di\u00f3xido de Titanio, \u00c1cido C\u00edtrico, Fitato de Sodio, Macadamiato de Fitosterilo, Isomerato de Sac\u00e1rido, \u00d3xidos de Hierro, Fitoesteroles, Aceite de Coelastrella Vacuolata, Aceite de Watanabea Reniformis, Tocoferol, \u00d3xido de Esta\u00f1o.<\/p>\n","protected":false},"excerpt":{"rendered":"<p>Experimente un brillo instant\u00e1neo y una mejora a largo plazo de las ojeras, el tono desigual de la piel y las l\u00edneas finas alrededor de los ojos y los p\u00e1rpados con nuestra \u00faltima innovaci\u00f3n.  <strong>La Crema Iluminadora de Ojos con Vitamina B3<\/strong> contiene una mezcla iluminadora de 5% de niacinamida, extractos de flor de margarita y Hawkweed, y antioxidantes que act\u00faan con el tiempo para brindar ojos frescos, brillantes y de aspecto saludable.<\/p>\n<ul>\n<li>Reduce visiblemente las ojeras y el tono desigual de la piel<\/li>\n<li>Ilumina instant\u00e1neamente los ojos de aspecto cansado<\/li>\n<li>Reduce la hinchaz\u00f3n visible alrededor de los ojos<\/li>\n<li>Ayuda a proteger la delicada piel debajo de los ojos de los efectos visibles del estr\u00e9s y el da\u00f1o causado por los rayos UV y la luz azul<\/li>\n<\/ul>\n","protected":false},"featured_media":13690,"comment_status":"open","ping_status":"closed","template":"","meta":{"ocean_post_layout":"","ocean_both_sidebars_style":"","ocean_both_sidebars_content_width":0,"ocean_both_sidebars_sidebars_width":0,"ocean_sidebar":"0","ocean_second_sidebar":"0","ocean_disable_margins":"enable","ocean_add_body_class":"","ocean_shortcode_before_top_bar":"","ocean_shortcode_after_top_bar":"","ocean_shortcode_before_header":"","ocean_shortcode_after_header":"","ocean_has_shortcode":"","ocean_shortcode_after_title":"","ocean_shortcode_before_footer_widgets":"","ocean_shortcode_after_footer_widgets":"","ocean_shortcode_before_footer_bottom":"","ocean_shortcode_after_footer_bottom":"","ocean_display_top_bar":"default","ocean_display_header":"default","ocean_header_style":"","ocean_center_header_left_menu":"0","ocean_custom_header_template":"0","ocean_custom_logo":0,"ocean_custom_retina_logo":0,"ocean_custom_logo_max_width":0,"ocean_custom_logo_tablet_max_width":0,"ocean_custom_logo_mobile_max_width":0,"ocean_custom_logo_max_height":0,"ocean_custom_logo_tablet_max_height":0,"ocean_custom_logo_mobile_max_height":0,"ocean_header_custom_menu":"0","ocean_menu_typo_font_family":"0","ocean_menu_typo_font_subset":"","ocean_menu_typo_font_size":0,"ocean_menu_typo_font_size_tablet":0,"ocean_menu_typo_font_size_mobile":0,"ocean_menu_typo_font_size_unit":"px","ocean_menu_typo_font_weight":"","ocean_menu_typo_font_weight_tablet":"","ocean_menu_typo_font_weight_mobile":"","ocean_menu_typo_transform":"","ocean_menu_typo_transform_tablet":"","ocean_menu_typo_transform_mobile":"","ocean_menu_typo_line_height":0,"ocean_menu_typo_line_height_tablet":0,"ocean_menu_typo_line_height_mobile":0,"ocean_menu_typo_line_height_unit":"","ocean_menu_typo_spacing":0,"ocean_menu_typo_spacing_tablet":0,"ocean_menu_typo_spacing_mobile":0,"ocean_menu_typo_spacing_unit":"","ocean_menu_link_color":"","ocean_menu_link_color_hover":"","ocean_menu_link_color_active":"","ocean_menu_link_background":"","ocean_menu_link_hover_background":"","ocean_menu_link_active_background":"","ocean_menu_social_links_bg":"","ocean_menu_social_hover_links_bg":"","ocean_menu_social_links_color":"","ocean_menu_social_hover_links_color":"","ocean_disable_title":"default","ocean_disable_heading":"default","ocean_post_title":"","ocean_post_subheading":"","ocean_post_title_style":"","ocean_post_title_background_color":"","ocean_post_title_background":0,"ocean_post_title_bg_image_position":"","ocean_post_title_bg_image_attachment":"","ocean_post_title_bg_image_repeat":"","ocean_post_title_bg_image_size":"","ocean_post_title_height":0,"ocean_post_title_bg_overlay":0.5,"ocean_post_title_bg_overlay_color":"","ocean_disable_breadcrumbs":"default","ocean_breadcrumbs_color":"","ocean_breadcrumbs_separator_color":"","ocean_breadcrumbs_links_color":"","ocean_breadcrumbs_links_hover_color":"","ocean_display_footer_widgets":"default","ocean_display_footer_bottom":"default","ocean_custom_footer_template":"0","_links_to":"","_links_to_target":""},"product_brand":[],"product_cat":[375],"product_tag":[],"giftcard-category":[],"class_list":{"0":"post-13769","1":"product","2":"type-product","3":"status-publish","4":"has-post-thumbnail","6":"product_cat-ojo-cuello-labio","8":"entry","9":"has-media","11":"first","12":"instock","13":"taxable","14":"shipping-taxable","15":"purchasable","16":"product-type-simple","17":"has-product-nav","18":"col","19":"span_1_of_4","20":"owp-content-center","21":"owp-thumbs-layout-horizontal","22":"owp-btn-normal","23":"owp-tabs-layout-horizontal"},"_links":{"self":[{"href":"https:\/\/beiamedispa.com\/es\/wp-json\/wp\/v2\/product\/13769","targetHints":{"allow":["GET"]}}],"collection":[{"href":"https:\/\/beiamedispa.com\/es\/wp-json\/wp\/v2\/product"}],"about":[{"href":"https:\/\/beiamedispa.com\/es\/wp-json\/wp\/v2\/types\/product"}],"replies":[{"embeddable":true,"href":"https:\/\/beiamedispa.com\/es\/wp-json\/wp\/v2\/comments?post=13769"}],"version-history":[{"count":1,"href":"https:\/\/beiamedispa.com\/es\/wp-json\/wp\/v2\/product\/13769\/revisions"}],"predecessor-version":[{"id":13778,"href":"https:\/\/beiamedispa.com\/es\/wp-json\/wp\/v2\/product\/13769\/revisions\/13778"}],"wp:featuredmedia":[{"embeddable":true,"href":"https:\/\/beiamedispa.com\/es\/wp-json\/wp\/v2\/media\/13690"}],"wp:attachment":[{"href":"https:\/\/beiamedispa.com\/es\/wp-json\/wp\/v2\/media?parent=13769"}],"wp:term":[{"taxonomy":"product_brand","embeddable":true,"href":"https:\/\/beiamedispa.com\/es\/wp-json\/wp\/v2\/product_brand?post=13769"},{"taxonomy":"product_cat","embeddable":true,"href":"https:\/\/beiamedispa.com\/es\/wp-json\/wp\/v2\/product_cat?post=13769"},{"taxonomy":"product_tag","embeddable":true,"href":"https:\/\/beiamedispa.com\/es\/wp-json\/wp\/v2\/product_tag?post=13769"},{"taxonomy":"giftcard-category","embeddable":true,"href":"https:\/\/beiamedispa.com\/es\/wp-json\/wp\/v2\/giftcard-category?post=13769"}],"curies":[{"name":"wp","href":"https:\/\/api.w.org\/{rel}","templated":true}]}}