{"id":13768,"date":"2024-04-05T03:12:18","date_gmt":"2024-04-05T07:12:18","guid":{"rendered":"https:\/\/beiamedispa.com\/product\/tratamiento-iluminador-intensivo-05-de-retinol-puro\/"},"modified":"2024-04-05T03:12:22","modified_gmt":"2024-04-05T07:12:22","slug":"tratamiento-iluminador-intensivo-05-de-retinol-puro","status":"publish","type":"product","link":"https:\/\/beiamedispa.com\/es\/producto\/tratamiento-iluminador-intensivo-05-de-retinol-puro\/","title":{"rendered":"Tratamiento Iluminador Intensivo: 0,5% de retinol puro"},"content":{"rendered":"<p>Solo por la noche, aplique una cantidad del tama\u00f1o de un guisante despu\u00e9s de la limpieza. \u00daselo dos veces por semana, aumentando gradualmente la frecuencia de aplicaci\u00f3n a cada dos noches, y luego avanzando a cada noche o seg\u00fan lo tolere. A continuaci\u00f3n, aplica la crema hidratante adecuada. Nota: Es importante usar un SPF de amplio espectro durante el d\u00eda cuando se usa este producto por la noche, ya que el retinol es sensibilizante al sol.<\/p>\n<p><iframe title=\"C\u00f3mo reducir el envejecimiento, el acn\u00e9 o la decoloraci\u00f3n con PCA SKIN Retinol\" src=\"https:\/\/www.youtube.com\/embed\/7jbkXU42Vb0\" width=\"458\" height=\"398\" frameborder=\"0\" allowfullscreen=\"allowfullscreen\"><\/iframe><\/p>\n<p><strong>Ingredientes:<\/strong>  Agua, isododecano, ciclopentasiloxano, niacinamida, propanodiol, dimeticona, dioleato de poligliceril-10, glicerina, almid\u00f3n de tapioca polimetilsilsesquioxano, alcohol cetear\u00edlico, \u00e1cido hidroxifenoxipropi\u00f3nico, pentilenglicol, polisilicona-11, estearato de glicerilo, estearato de PEG-100, hexilresorcinol, coco-caprilato\/caprato, resveratrol, fenoxietanol, triglic\u00e9rido capr\u00edlico\/c\u00e1prico, retinol, polisorbato 20, butilenglicol, poliacrilato de sodio, caprilil glicol, estearato de etilhexilo, amonio Copol\u00edmero de acriloildimetiltaurato\/VP, goma xantana, clorfenesina, citrato de sodio, acetato de tocoferilo, trideceth-6, EDTA dis\u00f3dico, decil gluc\u00f3sido, aminometilpropanol<\/p>\n","protected":false},"excerpt":{"rendered":"<p>El mejor tratamiento nocturno de retinol puro para personas con decoloraci\u00f3n.<\/p>\n<ul>\n<li>Un potente tratamiento nocturno que crea una tez uniforme, luminosa y radiante<\/li>\n<li>El retinol puro, el resveratrol y la niacinamida promueven un brillo saludable al tiempo que mejoran la decoloraci\u00f3n<\/li>\n<li>Ingredientes potentes y estables en un sistema patentado de administraci\u00f3n Omnisome para llevar los ingredientes m\u00e1s profundamente en la piel para obtener resultados superiores<\/li>\n<\/ul>\n","protected":false},"featured_media":13629,"comment_status":"open","ping_status":"closed","template":"","meta":{"ocean_post_layout":"","ocean_both_sidebars_style":"","ocean_both_sidebars_content_width":0,"ocean_both_sidebars_sidebars_width":0,"ocean_sidebar":"0","ocean_second_sidebar":"0","ocean_disable_margins":"enable","ocean_add_body_class":"","ocean_shortcode_before_top_bar":"","ocean_shortcode_after_top_bar":"","ocean_shortcode_before_header":"","ocean_shortcode_after_header":"","ocean_has_shortcode":"","ocean_shortcode_after_title":"","ocean_shortcode_before_footer_widgets":"","ocean_shortcode_after_footer_widgets":"","ocean_shortcode_before_footer_bottom":"","ocean_shortcode_after_footer_bottom":"","ocean_display_top_bar":"default","ocean_display_header":"default","ocean_header_style":"","ocean_center_header_left_menu":"0","ocean_custom_header_template":"0","ocean_custom_logo":0,"ocean_custom_retina_logo":0,"ocean_custom_logo_max_width":0,"ocean_custom_logo_tablet_max_width":0,"ocean_custom_logo_mobile_max_width":0,"ocean_custom_logo_max_height":0,"ocean_custom_logo_tablet_max_height":0,"ocean_custom_logo_mobile_max_height":0,"ocean_header_custom_menu":"0","ocean_menu_typo_font_family":"0","ocean_menu_typo_font_subset":"","ocean_menu_typo_font_size":0,"ocean_menu_typo_font_size_tablet":0,"ocean_menu_typo_font_size_mobile":0,"ocean_menu_typo_font_size_unit":"px","ocean_menu_typo_font_weight":"","ocean_menu_typo_font_weight_tablet":"","ocean_menu_typo_font_weight_mobile":"","ocean_menu_typo_transform":"","ocean_menu_typo_transform_tablet":"","ocean_menu_typo_transform_mobile":"","ocean_menu_typo_line_height":0,"ocean_menu_typo_line_height_tablet":0,"ocean_menu_typo_line_height_mobile":0,"ocean_menu_typo_line_height_unit":"","ocean_menu_typo_spacing":0,"ocean_menu_typo_spacing_tablet":0,"ocean_menu_typo_spacing_mobile":0,"ocean_menu_typo_spacing_unit":"","ocean_menu_link_color":"","ocean_menu_link_color_hover":"","ocean_menu_link_color_active":"","ocean_menu_link_background":"","ocean_menu_link_hover_background":"","ocean_menu_link_active_background":"","ocean_menu_social_links_bg":"","ocean_menu_social_hover_links_bg":"","ocean_menu_social_links_color":"","ocean_menu_social_hover_links_color":"","ocean_disable_title":"default","ocean_disable_heading":"default","ocean_post_title":"","ocean_post_subheading":"","ocean_post_title_style":"","ocean_post_title_background_color":"","ocean_post_title_background":0,"ocean_post_title_bg_image_position":"","ocean_post_title_bg_image_attachment":"","ocean_post_title_bg_image_repeat":"","ocean_post_title_bg_image_size":"","ocean_post_title_height":0,"ocean_post_title_bg_overlay":0.5,"ocean_post_title_bg_overlay_color":"","ocean_disable_breadcrumbs":"default","ocean_breadcrumbs_color":"","ocean_breadcrumbs_separator_color":"","ocean_breadcrumbs_links_color":"","ocean_breadcrumbs_links_hover_color":"","ocean_display_footer_widgets":"default","ocean_display_footer_bottom":"default","ocean_custom_footer_template":"0","_links_to":"","_links_to_target":""},"product_brand":[],"product_cat":[374],"product_tag":[],"giftcard-category":[],"class_list":{"0":"post-13768","1":"product","2":"type-product","3":"status-publish","4":"has-post-thumbnail","6":"product_cat-retinoles","8":"entry","9":"has-media","11":"first","12":"instock","13":"taxable","14":"shipping-taxable","15":"purchasable","16":"product-type-simple","17":"has-product-nav","18":"col","19":"span_1_of_4","20":"owp-content-center","21":"owp-thumbs-layout-horizontal","22":"owp-btn-normal","23":"owp-tabs-layout-horizontal"},"_links":{"self":[{"href":"https:\/\/beiamedispa.com\/es\/wp-json\/wp\/v2\/product\/13768","targetHints":{"allow":["GET"]}}],"collection":[{"href":"https:\/\/beiamedispa.com\/es\/wp-json\/wp\/v2\/product"}],"about":[{"href":"https:\/\/beiamedispa.com\/es\/wp-json\/wp\/v2\/types\/product"}],"replies":[{"embeddable":true,"href":"https:\/\/beiamedispa.com\/es\/wp-json\/wp\/v2\/comments?post=13768"}],"version-history":[{"count":1,"href":"https:\/\/beiamedispa.com\/es\/wp-json\/wp\/v2\/product\/13768\/revisions"}],"predecessor-version":[{"id":13772,"href":"https:\/\/beiamedispa.com\/es\/wp-json\/wp\/v2\/product\/13768\/revisions\/13772"}],"wp:featuredmedia":[{"embeddable":true,"href":"https:\/\/beiamedispa.com\/es\/wp-json\/wp\/v2\/media\/13629"}],"wp:attachment":[{"href":"https:\/\/beiamedispa.com\/es\/wp-json\/wp\/v2\/media?parent=13768"}],"wp:term":[{"taxonomy":"product_brand","embeddable":true,"href":"https:\/\/beiamedispa.com\/es\/wp-json\/wp\/v2\/product_brand?post=13768"},{"taxonomy":"product_cat","embeddable":true,"href":"https:\/\/beiamedispa.com\/es\/wp-json\/wp\/v2\/product_cat?post=13768"},{"taxonomy":"product_tag","embeddable":true,"href":"https:\/\/beiamedispa.com\/es\/wp-json\/wp\/v2\/product_tag?post=13768"},{"taxonomy":"giftcard-category","embeddable":true,"href":"https:\/\/beiamedispa.com\/es\/wp-json\/wp\/v2\/giftcard-category?post=13768"}],"curies":[{"name":"wp","href":"https:\/\/api.w.org\/{rel}","templated":true}]}}