{"id":13764,"date":"2024-03-30T00:48:39","date_gmt":"2024-04-05T07:09:40","guid":{"rendered":"https:\/\/beiamedispa.com\/product\/clinicalm-1\/"},"modified":"2024-04-05T03:09:40","modified_gmt":"2024-04-05T07:09:40","slug":"clinicalm-1","status":"publish","type":"product","link":"https:\/\/beiamedispa.com\/es\/producto\/clinicalm-1\/","title":{"rendered":"CliniCalm\u2122 1%"},"content":{"rendered":"<p>Despu\u00e9s de una limpieza suave, aplique una cantidad del tama\u00f1o de una moneda de cinco centavos en el \u00e1rea de tratamiento, que no exceda de tres a cuatro veces al d\u00eda. Siga con el humectante adecuado PCA SKIN con SPF durante el d\u00eda, humectante nutritivo por la noche o \u00faselo seg\u00fan las indicaciones de su m\u00e9dico. Este producto est\u00e1 indicado para no m\u00e1s de siete d\u00edas de uso constante.<\/p>\n<p><strong>Ingredientes:<\/strong>  Agua, glicerina, triglic\u00e9rido capr\u00edlico\/c\u00e1prico, alcohol desnaturalizado, olivato de cetearilo, escualano, aceite de fruta de Olea europaea (oliva), olivato de sorbit\u00e1n, caprilil glicol, fenoxietanol, pentilenglicol, aceite de semilla de linum usitatissimum (linaza), goma xantana, 4-t-butilciclohexanol, 1,2-hexanodiol, miel\/mel\/miel, carb\u00f3mero, fosfol\u00edpidos, asiatic\u00f3sido, beta-glucano, bisabolol, lisina HCl, hidr\u00f3xido de sodio, jugo de hoja de aloe barbadensis en polvo, ceramida NP, \u00e1cido s\u00f3rbico, disuccinato de etilendiamina tris\u00f3dico,  Aceite de semilla de Helianthus annuus (girasol), butilenglicol, \u00e1cido hialur\u00f3nico, esfingol\u00edpidos, tocoferol, tropona, \u00e1cido hidroxifenil propamidobenzoico<\/p>\n","protected":false},"excerpt":{"rendered":"<p style=\"background-repeat: no-repeat; box-sizing: inherit; margin-bottom: 0px; padding: 0px; color: #313131; font-family: hero-new, sans-serif; line-height: 26px;\">Un tratamiento terap\u00e9utico calmante con hidrocortisona al 1% de m\u00e1xima potencia para calmar y proporcionar un alivio temporal de la picaz\u00f3n y la irritaci\u00f3n.<\/p>\n<ul style=\"background-repeat: no-repeat; box-sizing: inherit; margin: 0px; padding: 12px 24px; color: rgba(0, 0, 0, 0.87); font-family: hero-new, sans-serif;\">\n<li style=\"background-repeat: no-repeat; box-sizing: inherit; margin: 0px; padding: 0px;\">La mezcla de ingredientes calmantes calma la piel despu\u00e9s de tratamientos profesionales no invasivos, depilaci\u00f3n con cera y afeitado<\/li>\n<li style=\"background-repeat: no-repeat; box-sizing: inherit; margin: 0px; padding: 0px;\">Ideal para aliviar el picor y la irritaci\u00f3n debidos a eczemas, psoriasis, dermatitis u otros al\u00e9rgenos t\u00f3picos<\/li>\n<li style=\"background-repeat: no-repeat; box-sizing: inherit; margin: 0px; padding: 0px;\">Calma la piel, aliviando el enrojecimiento, la inflamaci\u00f3n y la irritaci\u00f3n<\/li>\n<li style=\"background-repeat: no-repeat; box-sizing: inherit; margin: 0px; padding: 0px;\">Seguro para uso consecutivo hasta por siete d\u00edas<\/li>\n<\/ul>\n","protected":false},"featured_media":13572,"comment_status":"open","ping_status":"closed","template":"","meta":{"ocean_post_layout":"","ocean_both_sidebars_style":"","ocean_both_sidebars_content_width":0,"ocean_both_sidebars_sidebars_width":0,"ocean_sidebar":"0","ocean_second_sidebar":"0","ocean_disable_margins":"enable","ocean_add_body_class":"","ocean_shortcode_before_top_bar":"","ocean_shortcode_after_top_bar":"","ocean_shortcode_before_header":"","ocean_shortcode_after_header":"","ocean_has_shortcode":"","ocean_shortcode_after_title":"","ocean_shortcode_before_footer_widgets":"","ocean_shortcode_after_footer_widgets":"","ocean_shortcode_before_footer_bottom":"","ocean_shortcode_after_footer_bottom":"","ocean_display_top_bar":"default","ocean_display_header":"default","ocean_header_style":"","ocean_center_header_left_menu":"0","ocean_custom_header_template":"0","ocean_custom_logo":0,"ocean_custom_retina_logo":0,"ocean_custom_logo_max_width":0,"ocean_custom_logo_tablet_max_width":0,"ocean_custom_logo_mobile_max_width":0,"ocean_custom_logo_max_height":0,"ocean_custom_logo_tablet_max_height":0,"ocean_custom_logo_mobile_max_height":0,"ocean_header_custom_menu":"0","ocean_menu_typo_font_family":"0","ocean_menu_typo_font_subset":"","ocean_menu_typo_font_size":0,"ocean_menu_typo_font_size_tablet":0,"ocean_menu_typo_font_size_mobile":0,"ocean_menu_typo_font_size_unit":"px","ocean_menu_typo_font_weight":"","ocean_menu_typo_font_weight_tablet":"","ocean_menu_typo_font_weight_mobile":"","ocean_menu_typo_transform":"","ocean_menu_typo_transform_tablet":"","ocean_menu_typo_transform_mobile":"","ocean_menu_typo_line_height":0,"ocean_menu_typo_line_height_tablet":0,"ocean_menu_typo_line_height_mobile":0,"ocean_menu_typo_line_height_unit":"","ocean_menu_typo_spacing":0,"ocean_menu_typo_spacing_tablet":0,"ocean_menu_typo_spacing_mobile":0,"ocean_menu_typo_spacing_unit":"","ocean_menu_link_color":"","ocean_menu_link_color_hover":"","ocean_menu_link_color_active":"","ocean_menu_link_background":"","ocean_menu_link_hover_background":"","ocean_menu_link_active_background":"","ocean_menu_social_links_bg":"","ocean_menu_social_hover_links_bg":"","ocean_menu_social_links_color":"","ocean_menu_social_hover_links_color":"","ocean_disable_title":"default","ocean_disable_heading":"default","ocean_post_title":"","ocean_post_subheading":"","ocean_post_title_style":"","ocean_post_title_background_color":"","ocean_post_title_background":0,"ocean_post_title_bg_image_position":"","ocean_post_title_bg_image_attachment":"","ocean_post_title_bg_image_repeat":"","ocean_post_title_bg_image_size":"","ocean_post_title_height":0,"ocean_post_title_bg_overlay":0.5,"ocean_post_title_bg_overlay_color":"","ocean_disable_breadcrumbs":"default","ocean_breadcrumbs_color":"","ocean_breadcrumbs_separator_color":"","ocean_breadcrumbs_links_color":"","ocean_breadcrumbs_links_hover_color":"","ocean_display_footer_widgets":"default","ocean_display_footer_bottom":"default","ocean_custom_footer_template":"0","_links_to":"","_links_to_target":""},"product_brand":[],"product_cat":[370],"product_tag":[],"giftcard-category":[],"class_list":{"0":"post-13764","1":"product","2":"type-product","3":"status-publish","4":"has-post-thumbnail","6":"product_cat-tratamientos-corporales","8":"entry","9":"has-media","11":"first","12":"instock","13":"taxable","14":"shipping-taxable","15":"purchasable","16":"product-type-simple","17":"has-product-nav","18":"col","19":"span_1_of_4","20":"owp-content-center","21":"owp-thumbs-layout-horizontal","22":"owp-btn-normal","23":"owp-tabs-layout-horizontal"},"_links":{"self":[{"href":"https:\/\/beiamedispa.com\/es\/wp-json\/wp\/v2\/product\/13764","targetHints":{"allow":["GET"]}}],"collection":[{"href":"https:\/\/beiamedispa.com\/es\/wp-json\/wp\/v2\/product"}],"about":[{"href":"https:\/\/beiamedispa.com\/es\/wp-json\/wp\/v2\/types\/product"}],"replies":[{"embeddable":true,"href":"https:\/\/beiamedispa.com\/es\/wp-json\/wp\/v2\/comments?post=13764"}],"version-history":[{"count":0,"href":"https:\/\/beiamedispa.com\/es\/wp-json\/wp\/v2\/product\/13764\/revisions"}],"wp:featuredmedia":[{"embeddable":true,"href":"https:\/\/beiamedispa.com\/es\/wp-json\/wp\/v2\/media\/13572"}],"wp:attachment":[{"href":"https:\/\/beiamedispa.com\/es\/wp-json\/wp\/v2\/media?parent=13764"}],"wp:term":[{"taxonomy":"product_brand","embeddable":true,"href":"https:\/\/beiamedispa.com\/es\/wp-json\/wp\/v2\/product_brand?post=13764"},{"taxonomy":"product_cat","embeddable":true,"href":"https:\/\/beiamedispa.com\/es\/wp-json\/wp\/v2\/product_cat?post=13764"},{"taxonomy":"product_tag","embeddable":true,"href":"https:\/\/beiamedispa.com\/es\/wp-json\/wp\/v2\/product_tag?post=13764"},{"taxonomy":"giftcard-category","embeddable":true,"href":"https:\/\/beiamedispa.com\/es\/wp-json\/wp\/v2\/giftcard-category?post=13764"}],"curies":[{"name":"wp","href":"https:\/\/api.w.org\/{rel}","templated":true}]}}