{"id":13763,"date":"2024-03-27T02:32:10","date_gmt":"2024-04-05T07:09:39","guid":{"rendered":"https:\/\/beiamedispa.com\/product\/suero-iluminador-con-vitamina-b3\/"},"modified":"2024-04-05T03:09:39","modified_gmt":"2024-04-05T07:09:39","slug":"suero-iluminador-con-vitamina-b3","status":"publish","type":"product","link":"https:\/\/beiamedispa.com\/es\/producto\/suero-iluminador-con-vitamina-b3\/","title":{"rendered":"Suero iluminador con vitamina B3"},"content":{"rendered":"<p>Despu\u00e9s de limpiar, tonificar y aplicar cualquier suero de tratamiento PCA SKIN, apl\u00edquelo en todo el rostro y el cuello para obtener el m\u00e1ximo brillo de la piel y beneficios antienvejecimiento. A continuaci\u00f3n, aplique el producto adecuado PCA SKIN de amplio espectro SPF durante el d\u00eda y la crema hidratante por la noche.<\/p>\n<p>&nbsp;<\/p>\n<p><iframe title=\"C\u00f3mo iluminar la piel con el s\u00e9rum iluminador de vitamina b3 PCA SKIN\" src=\"https:\/\/www.youtube.com\/embed\/4qy46jFN1FM\" width=\"458\" height=\"398\" frameborder=\"0\" allowfullscreen=\"allowfullscreen\"><\/iframe><\/p>\n<p>&nbsp;<\/p>\n<p><strong>Ingredientes<\/strong>: Agua, glicerina, dimeticona, niacinamida, butilenglicol, difenilsiloxi fenil trimeticona, celulosa microcristalina, PEG-9 polidimetilsiloxietil dimeticona, polimetilsilsesquioxano, pol\u00edmero cruzado de dimeticona \/ PEG-10\/15, fenoxietanol, cloruro de sodio, pol\u00edmero cruzado de dimeticona \/ fenil vinilo dimeticona, citrato de sodio, caprilil glicol, EDTA dis\u00f3dico, goma de celulosa, clorfenesina, extracto de hoja de Camellia sinensis, extracto de hoja de Morus alba, oligop\u00e9ptido-51, aceite de Dicrateria rotunda, Aceite de Ruttnera Lamellosa, Lecitina, Ascorbato de Sodio<\/p>\n","protected":false},"excerpt":{"rendered":"<p>Reduce la aparici\u00f3n de manchas oscuras y el tono desigual de la piel mientras mejora la funci\u00f3n de barrera de la piel con este poderoso suero iluminador de la piel. Esta f\u00f3rmula avanzada reduce eficazmente la decoloraci\u00f3n de la piel, el enrojecimiento y el color amarillento de la piel relacionado con la glicaci\u00f3n, dejando la tez uniforme y brillante.<\/p>\n<ul>\n<li>Ilumina las manchas oscuras y unifica el tono de la piel al inhibir la melanog\u00e9nesis<\/li>\n<li>Bloquea el proceso de glicaci\u00f3n para minimizar el color amarillento y la opacidad de la piel relacionados con la edad<\/li>\n<li>Aumenta la funci\u00f3n de barrera para reducir el enrojecimiento<\/li>\n<\/ul>\n","protected":false},"featured_media":13510,"comment_status":"open","ping_status":"closed","template":"","meta":{"ocean_post_layout":"","ocean_both_sidebars_style":"","ocean_both_sidebars_content_width":0,"ocean_both_sidebars_sidebars_width":0,"ocean_sidebar":"0","ocean_second_sidebar":"0","ocean_disable_margins":"enable","ocean_add_body_class":"","ocean_shortcode_before_top_bar":"","ocean_shortcode_after_top_bar":"","ocean_shortcode_before_header":"","ocean_shortcode_after_header":"","ocean_has_shortcode":"","ocean_shortcode_after_title":"","ocean_shortcode_before_footer_widgets":"","ocean_shortcode_after_footer_widgets":"","ocean_shortcode_before_footer_bottom":"","ocean_shortcode_after_footer_bottom":"","ocean_display_top_bar":"default","ocean_display_header":"default","ocean_header_style":"","ocean_center_header_left_menu":"0","ocean_custom_header_template":"0","ocean_custom_logo":0,"ocean_custom_retina_logo":0,"ocean_custom_logo_max_width":0,"ocean_custom_logo_tablet_max_width":0,"ocean_custom_logo_mobile_max_width":0,"ocean_custom_logo_max_height":0,"ocean_custom_logo_tablet_max_height":0,"ocean_custom_logo_mobile_max_height":0,"ocean_header_custom_menu":"0","ocean_menu_typo_font_family":"0","ocean_menu_typo_font_subset":"","ocean_menu_typo_font_size":0,"ocean_menu_typo_font_size_tablet":0,"ocean_menu_typo_font_size_mobile":0,"ocean_menu_typo_font_size_unit":"px","ocean_menu_typo_font_weight":"","ocean_menu_typo_font_weight_tablet":"","ocean_menu_typo_font_weight_mobile":"","ocean_menu_typo_transform":"","ocean_menu_typo_transform_tablet":"","ocean_menu_typo_transform_mobile":"","ocean_menu_typo_line_height":0,"ocean_menu_typo_line_height_tablet":0,"ocean_menu_typo_line_height_mobile":0,"ocean_menu_typo_line_height_unit":"","ocean_menu_typo_spacing":0,"ocean_menu_typo_spacing_tablet":0,"ocean_menu_typo_spacing_mobile":0,"ocean_menu_typo_spacing_unit":"","ocean_menu_link_color":"","ocean_menu_link_color_hover":"","ocean_menu_link_color_active":"","ocean_menu_link_background":"","ocean_menu_link_hover_background":"","ocean_menu_link_active_background":"","ocean_menu_social_links_bg":"","ocean_menu_social_hover_links_bg":"","ocean_menu_social_links_color":"","ocean_menu_social_hover_links_color":"","ocean_disable_title":"default","ocean_disable_heading":"default","ocean_post_title":"","ocean_post_subheading":"","ocean_post_title_style":"","ocean_post_title_background_color":"","ocean_post_title_background":0,"ocean_post_title_bg_image_position":"","ocean_post_title_bg_image_attachment":"","ocean_post_title_bg_image_repeat":"","ocean_post_title_bg_image_size":"","ocean_post_title_height":0,"ocean_post_title_bg_overlay":0.5,"ocean_post_title_bg_overlay_color":"","ocean_disable_breadcrumbs":"default","ocean_breadcrumbs_color":"","ocean_breadcrumbs_separator_color":"","ocean_breadcrumbs_links_color":"","ocean_breadcrumbs_links_hover_color":"","ocean_display_footer_widgets":"default","ocean_display_footer_bottom":"default","ocean_custom_footer_template":"0","_links_to":"","_links_to_target":""},"product_brand":[],"product_cat":[367],"product_tag":[],"giftcard-category":[],"class_list":{"0":"post-13763","1":"product","2":"type-product","3":"status-publish","4":"has-post-thumbnail","6":"product_cat-sueros","8":"entry","9":"has-media","11":"first","12":"instock","13":"taxable","14":"shipping-taxable","15":"purchasable","16":"product-type-simple","17":"has-product-nav","18":"col","19":"span_1_of_4","20":"owp-content-center","21":"owp-thumbs-layout-horizontal","22":"owp-btn-normal","23":"owp-tabs-layout-horizontal"},"_links":{"self":[{"href":"https:\/\/beiamedispa.com\/es\/wp-json\/wp\/v2\/product\/13763","targetHints":{"allow":["GET"]}}],"collection":[{"href":"https:\/\/beiamedispa.com\/es\/wp-json\/wp\/v2\/product"}],"about":[{"href":"https:\/\/beiamedispa.com\/es\/wp-json\/wp\/v2\/types\/product"}],"replies":[{"embeddable":true,"href":"https:\/\/beiamedispa.com\/es\/wp-json\/wp\/v2\/comments?post=13763"}],"version-history":[{"count":0,"href":"https:\/\/beiamedispa.com\/es\/wp-json\/wp\/v2\/product\/13763\/revisions"}],"wp:featuredmedia":[{"embeddable":true,"href":"https:\/\/beiamedispa.com\/es\/wp-json\/wp\/v2\/media\/13510"}],"wp:attachment":[{"href":"https:\/\/beiamedispa.com\/es\/wp-json\/wp\/v2\/media?parent=13763"}],"wp:term":[{"taxonomy":"product_brand","embeddable":true,"href":"https:\/\/beiamedispa.com\/es\/wp-json\/wp\/v2\/product_brand?post=13763"},{"taxonomy":"product_cat","embeddable":true,"href":"https:\/\/beiamedispa.com\/es\/wp-json\/wp\/v2\/product_cat?post=13763"},{"taxonomy":"product_tag","embeddable":true,"href":"https:\/\/beiamedispa.com\/es\/wp-json\/wp\/v2\/product_tag?post=13763"},{"taxonomy":"giftcard-category","embeddable":true,"href":"https:\/\/beiamedispa.com\/es\/wp-json\/wp\/v2\/giftcard-category?post=13763"}],"curies":[{"name":"wp","href":"https:\/\/api.w.org\/{rel}","templated":true}]}}