{"id":13761,"date":"2024-03-27T02:41:09","date_gmt":"2024-04-05T07:09:38","guid":{"rendered":"https:\/\/beiamedispa.com\/product\/defensa-diaria-amplio-espectro-spf-50\/"},"modified":"2024-04-05T03:09:38","modified_gmt":"2024-04-05T07:09:38","slug":"defensa-diaria-amplio-espectro-spf-50","status":"publish","type":"product","link":"https:\/\/beiamedispa.com\/es\/producto\/defensa-diaria-amplio-espectro-spf-50\/","title":{"rendered":"Defensa Diaria Amplio Espectro SPF 50+"},"content":{"rendered":"<p>Para obtener la mejor protecci\u00f3n, aplique protector solar todos los d\u00edas, durante todo el a\u00f1o, en todo tipo de clima. Aplique protector solar 15 minutos antes de la exposici\u00f3n para permitir que los ingredientes activos penetren en la piel.<\/p>\n<p><strong>Ingredientes activos<\/strong>: Octisato (4,9%), Octocrileno (9,5%), \u00d3xido de Zinc (9,1%) \u00abExtracto de salvado de avena sativa (avena), bisabolol, butilenglicol, salicilato de butiloctilo, cafe\u00edna, meticona de caprililo, extracto de c\u00e1scara de citrus aurantium dulcis (naranja), ciclopentasiloxano, ecto\u00edna, ferulato de etilo, etilhexilglicerina, copol\u00edmero de acrilato de hidroxietilo \/ acriloildimetil taurato de sodio, neopentanoato de octildodecilo, fosfato de oleth-3, \u00e9ter de coco de trimetillpropano PEG-7, fenoxietanol, poliisobuteno, propanodiol, silybum mariano Extracto de semilla, hialuronato de sodio, estearoil glutamato de sodio, acetato de tocoferilo, trietoxicaprililsilano, agua\u00bb<\/p>\n","protected":false},"excerpt":{"rendered":"<p>Defi\u00e9ndete de ambos tipos de rayos UV con este SPF 50+ de amplio espectro recomendado para pieles normales y mixtas.<\/p>\n<ul>\n<li>Proporciona protecci\u00f3n de amplio espectro<\/li>\n<li>Acabado cosm\u00e9tico elegante en la piel<\/li>\n<li>Los ingredientes de protecci\u00f3n del medio ambiente defienden contra los contaminantes del envejecimiento<\/li>\n<\/ul>\n","protected":false},"featured_media":13533,"comment_status":"open","ping_status":"closed","template":"","meta":{"ocean_post_layout":"","ocean_both_sidebars_style":"","ocean_both_sidebars_content_width":0,"ocean_both_sidebars_sidebars_width":0,"ocean_sidebar":"0","ocean_second_sidebar":"0","ocean_disable_margins":"enable","ocean_add_body_class":"","ocean_shortcode_before_top_bar":"","ocean_shortcode_after_top_bar":"","ocean_shortcode_before_header":"","ocean_shortcode_after_header":"","ocean_has_shortcode":"","ocean_shortcode_after_title":"","ocean_shortcode_before_footer_widgets":"","ocean_shortcode_after_footer_widgets":"","ocean_shortcode_before_footer_bottom":"","ocean_shortcode_after_footer_bottom":"","ocean_display_top_bar":"default","ocean_display_header":"default","ocean_header_style":"","ocean_center_header_left_menu":"0","ocean_custom_header_template":"0","ocean_custom_logo":0,"ocean_custom_retina_logo":0,"ocean_custom_logo_max_width":0,"ocean_custom_logo_tablet_max_width":0,"ocean_custom_logo_mobile_max_width":0,"ocean_custom_logo_max_height":0,"ocean_custom_logo_tablet_max_height":0,"ocean_custom_logo_mobile_max_height":0,"ocean_header_custom_menu":"0","ocean_menu_typo_font_family":"0","ocean_menu_typo_font_subset":"","ocean_menu_typo_font_size":0,"ocean_menu_typo_font_size_tablet":0,"ocean_menu_typo_font_size_mobile":0,"ocean_menu_typo_font_size_unit":"px","ocean_menu_typo_font_weight":"","ocean_menu_typo_font_weight_tablet":"","ocean_menu_typo_font_weight_mobile":"","ocean_menu_typo_transform":"","ocean_menu_typo_transform_tablet":"","ocean_menu_typo_transform_mobile":"","ocean_menu_typo_line_height":0,"ocean_menu_typo_line_height_tablet":0,"ocean_menu_typo_line_height_mobile":0,"ocean_menu_typo_line_height_unit":"","ocean_menu_typo_spacing":0,"ocean_menu_typo_spacing_tablet":0,"ocean_menu_typo_spacing_mobile":0,"ocean_menu_typo_spacing_unit":"","ocean_menu_link_color":"","ocean_menu_link_color_hover":"","ocean_menu_link_color_active":"","ocean_menu_link_background":"","ocean_menu_link_hover_background":"","ocean_menu_link_active_background":"","ocean_menu_social_links_bg":"","ocean_menu_social_hover_links_bg":"","ocean_menu_social_links_color":"","ocean_menu_social_hover_links_color":"","ocean_disable_title":"default","ocean_disable_heading":"default","ocean_post_title":"","ocean_post_subheading":"","ocean_post_title_style":"","ocean_post_title_background_color":"","ocean_post_title_background":0,"ocean_post_title_bg_image_position":"","ocean_post_title_bg_image_attachment":"","ocean_post_title_bg_image_repeat":"","ocean_post_title_bg_image_size":"","ocean_post_title_height":0,"ocean_post_title_bg_overlay":0.5,"ocean_post_title_bg_overlay_color":"","ocean_disable_breadcrumbs":"default","ocean_breadcrumbs_color":"","ocean_breadcrumbs_separator_color":"","ocean_breadcrumbs_links_color":"","ocean_breadcrumbs_links_hover_color":"","ocean_display_footer_widgets":"default","ocean_display_footer_bottom":"default","ocean_custom_footer_template":"0","_links_to":"","_links_to_target":""},"product_brand":[],"product_cat":[369],"product_tag":[],"giftcard-category":[],"class_list":{"0":"post-13761","1":"product","2":"type-product","3":"status-publish","4":"has-post-thumbnail","6":"product_cat-spf-de-amplio-espectro","8":"entry","9":"has-media","11":"first","12":"instock","13":"taxable","14":"shipping-taxable","15":"purchasable","16":"product-type-simple","17":"has-product-nav","18":"col","19":"span_1_of_4","20":"owp-content-center","21":"owp-thumbs-layout-horizontal","22":"owp-btn-normal","23":"owp-tabs-layout-horizontal"},"_links":{"self":[{"href":"https:\/\/beiamedispa.com\/es\/wp-json\/wp\/v2\/product\/13761","targetHints":{"allow":["GET"]}}],"collection":[{"href":"https:\/\/beiamedispa.com\/es\/wp-json\/wp\/v2\/product"}],"about":[{"href":"https:\/\/beiamedispa.com\/es\/wp-json\/wp\/v2\/types\/product"}],"replies":[{"embeddable":true,"href":"https:\/\/beiamedispa.com\/es\/wp-json\/wp\/v2\/comments?post=13761"}],"version-history":[{"count":0,"href":"https:\/\/beiamedispa.com\/es\/wp-json\/wp\/v2\/product\/13761\/revisions"}],"wp:featuredmedia":[{"embeddable":true,"href":"https:\/\/beiamedispa.com\/es\/wp-json\/wp\/v2\/media\/13533"}],"wp:attachment":[{"href":"https:\/\/beiamedispa.com\/es\/wp-json\/wp\/v2\/media?parent=13761"}],"wp:term":[{"taxonomy":"product_brand","embeddable":true,"href":"https:\/\/beiamedispa.com\/es\/wp-json\/wp\/v2\/product_brand?post=13761"},{"taxonomy":"product_cat","embeddable":true,"href":"https:\/\/beiamedispa.com\/es\/wp-json\/wp\/v2\/product_cat?post=13761"},{"taxonomy":"product_tag","embeddable":true,"href":"https:\/\/beiamedispa.com\/es\/wp-json\/wp\/v2\/product_tag?post=13761"},{"taxonomy":"giftcard-category","embeddable":true,"href":"https:\/\/beiamedispa.com\/es\/wp-json\/wp\/v2\/giftcard-category?post=13761"}],"curies":[{"name":"wp","href":"https:\/\/api.w.org\/{rel}","templated":true}]}}