{"id":13760,"date":"2024-03-27T03:14:20","date_gmt":"2024-04-05T07:09:35","guid":{"rendered":"https:\/\/beiamedispa.com\/product\/hydrator-plus-amplio-espectro-spf-30\/"},"modified":"2024-04-05T03:09:35","modified_gmt":"2024-04-05T07:09:35","slug":"hydrator-plus-amplio-espectro-spf-30","status":"publish","type":"product","link":"https:\/\/beiamedispa.com\/es\/producto\/hydrator-plus-amplio-espectro-spf-30\/","title":{"rendered":"Hydrator Plus Amplio Espectro SPF 30"},"content":{"rendered":"<p>Para obtener la mejor protecci\u00f3n, aplique protector solar todos los d\u00edas, durante todo el a\u00f1o, en todo tipo de clima. Aplique protector solar 15 minutos antes de la exposici\u00f3n para permitir que los ingredientes activos penetren en la piel.<\/p>\n<p><strong>Ingredientes activos<\/strong>: Octisato (4,9%), Octocrileno (9,5%), \u00d3xido de Zinc (5,4%) \u00abExtracto de salvado de avena sativa (avena), beta\u00edna, bisabolol, salicilato de butiloctilo, cafe\u00edna, ceteareth-20, olivato de cetearilo, extracto de c\u00e1scara de Citrus aurantium dulcis (naranja), caprilato\/caprato de coco, alcanos de coco, ciclopentasiloxano, dimeticona, etilhexilglicerina, glicerina, \u00e9steres de jojoba hidrolizados, copol\u00edmero de acrilato de hidroxietilo\/acriloildimetil taurato de sodio, neopentanoato de octildodecilo, \u00e9ter de coco de trimetilolpropano,  Fenoxietanol, Poliisobuteno, Sorbato de Potasio, Propanodiol, Hialuronato de Sodio, PCA de Sodio, Olivato de Sorbit\u00e1n, Tetradecano, Acetato de Tocoferilo, Extracto de Esporocarpo de Tremella Fuciformis, Trietoxicaprililsilano, Agua\u00bb<\/p>\n","protected":false},"excerpt":{"rendered":"<p>Protege la piel envejecida contra los rayos UVA y UVB con nuestro protector solar m\u00e1s hidratante recomendado para pieles secas o deshidratadas.<\/p>\n<ul>\n<li>Proporciona protecci\u00f3n de amplio espectro<\/li>\n<li>Formulado con potentes hidratantes para pieles secas<\/li>\n<li>Los antioxidantes a\u00f1adidos protegen contra el da\u00f1o de los radicales libres<\/li>\n<\/ul>\n","protected":false},"featured_media":13541,"comment_status":"open","ping_status":"closed","template":"","meta":{"ocean_post_layout":"","ocean_both_sidebars_style":"","ocean_both_sidebars_content_width":0,"ocean_both_sidebars_sidebars_width":0,"ocean_sidebar":"0","ocean_second_sidebar":"0","ocean_disable_margins":"enable","ocean_add_body_class":"","ocean_shortcode_before_top_bar":"","ocean_shortcode_after_top_bar":"","ocean_shortcode_before_header":"","ocean_shortcode_after_header":"","ocean_has_shortcode":"","ocean_shortcode_after_title":"","ocean_shortcode_before_footer_widgets":"","ocean_shortcode_after_footer_widgets":"","ocean_shortcode_before_footer_bottom":"","ocean_shortcode_after_footer_bottom":"","ocean_display_top_bar":"default","ocean_display_header":"default","ocean_header_style":"","ocean_center_header_left_menu":"0","ocean_custom_header_template":"0","ocean_custom_logo":0,"ocean_custom_retina_logo":0,"ocean_custom_logo_max_width":0,"ocean_custom_logo_tablet_max_width":0,"ocean_custom_logo_mobile_max_width":0,"ocean_custom_logo_max_height":0,"ocean_custom_logo_tablet_max_height":0,"ocean_custom_logo_mobile_max_height":0,"ocean_header_custom_menu":"0","ocean_menu_typo_font_family":"0","ocean_menu_typo_font_subset":"","ocean_menu_typo_font_size":0,"ocean_menu_typo_font_size_tablet":0,"ocean_menu_typo_font_size_mobile":0,"ocean_menu_typo_font_size_unit":"px","ocean_menu_typo_font_weight":"","ocean_menu_typo_font_weight_tablet":"","ocean_menu_typo_font_weight_mobile":"","ocean_menu_typo_transform":"","ocean_menu_typo_transform_tablet":"","ocean_menu_typo_transform_mobile":"","ocean_menu_typo_line_height":0,"ocean_menu_typo_line_height_tablet":0,"ocean_menu_typo_line_height_mobile":0,"ocean_menu_typo_line_height_unit":"","ocean_menu_typo_spacing":0,"ocean_menu_typo_spacing_tablet":0,"ocean_menu_typo_spacing_mobile":0,"ocean_menu_typo_spacing_unit":"","ocean_menu_link_color":"","ocean_menu_link_color_hover":"","ocean_menu_link_color_active":"","ocean_menu_link_background":"","ocean_menu_link_hover_background":"","ocean_menu_link_active_background":"","ocean_menu_social_links_bg":"","ocean_menu_social_hover_links_bg":"","ocean_menu_social_links_color":"","ocean_menu_social_hover_links_color":"","ocean_disable_title":"default","ocean_disable_heading":"default","ocean_post_title":"","ocean_post_subheading":"","ocean_post_title_style":"","ocean_post_title_background_color":"","ocean_post_title_background":0,"ocean_post_title_bg_image_position":"","ocean_post_title_bg_image_attachment":"","ocean_post_title_bg_image_repeat":"","ocean_post_title_bg_image_size":"","ocean_post_title_height":0,"ocean_post_title_bg_overlay":0.5,"ocean_post_title_bg_overlay_color":"","ocean_disable_breadcrumbs":"default","ocean_breadcrumbs_color":"","ocean_breadcrumbs_separator_color":"","ocean_breadcrumbs_links_color":"","ocean_breadcrumbs_links_hover_color":"","ocean_display_footer_widgets":"default","ocean_display_footer_bottom":"default","ocean_custom_footer_template":"0","_links_to":"","_links_to_target":""},"product_brand":[],"product_cat":[369],"product_tag":[],"giftcard-category":[],"class_list":{"0":"post-13760","1":"product","2":"type-product","3":"status-publish","4":"has-post-thumbnail","6":"product_cat-spf-de-amplio-espectro","8":"entry","9":"has-media","11":"first","12":"instock","13":"taxable","14":"shipping-taxable","15":"purchasable","16":"product-type-simple","17":"has-product-nav","18":"col","19":"span_1_of_4","20":"owp-content-center","21":"owp-thumbs-layout-horizontal","22":"owp-btn-normal","23":"owp-tabs-layout-horizontal"},"_links":{"self":[{"href":"https:\/\/beiamedispa.com\/es\/wp-json\/wp\/v2\/product\/13760","targetHints":{"allow":["GET"]}}],"collection":[{"href":"https:\/\/beiamedispa.com\/es\/wp-json\/wp\/v2\/product"}],"about":[{"href":"https:\/\/beiamedispa.com\/es\/wp-json\/wp\/v2\/types\/product"}],"replies":[{"embeddable":true,"href":"https:\/\/beiamedispa.com\/es\/wp-json\/wp\/v2\/comments?post=13760"}],"version-history":[{"count":0,"href":"https:\/\/beiamedispa.com\/es\/wp-json\/wp\/v2\/product\/13760\/revisions"}],"wp:featuredmedia":[{"embeddable":true,"href":"https:\/\/beiamedispa.com\/es\/wp-json\/wp\/v2\/media\/13541"}],"wp:attachment":[{"href":"https:\/\/beiamedispa.com\/es\/wp-json\/wp\/v2\/media?parent=13760"}],"wp:term":[{"taxonomy":"product_brand","embeddable":true,"href":"https:\/\/beiamedispa.com\/es\/wp-json\/wp\/v2\/product_brand?post=13760"},{"taxonomy":"product_cat","embeddable":true,"href":"https:\/\/beiamedispa.com\/es\/wp-json\/wp\/v2\/product_cat?post=13760"},{"taxonomy":"product_tag","embeddable":true,"href":"https:\/\/beiamedispa.com\/es\/wp-json\/wp\/v2\/product_tag?post=13760"},{"taxonomy":"giftcard-category","embeddable":true,"href":"https:\/\/beiamedispa.com\/es\/wp-json\/wp\/v2\/giftcard-category?post=13760"}],"curies":[{"name":"wp","href":"https:\/\/api.w.org\/{rel}","templated":true}]}}