{"id":13759,"date":"2024-03-27T02:25:50","date_gmt":"2024-04-05T07:09:34","guid":{"rendered":"https:\/\/beiamedispa.com\/product\/tonico-nutritivo\/"},"modified":"2024-04-05T03:09:34","modified_gmt":"2024-04-05T07:09:34","slug":"tonico-nutritivo","status":"publish","type":"product","link":"https:\/\/beiamedispa.com\/es\/producto\/tonico-nutritivo\/","title":{"rendered":"T\u00f3nico nutritivo"},"content":{"rendered":"<p>Despu\u00e9s de la limpieza, humedezca un disco de algod\u00f3n con una peque\u00f1a cantidad y apl\u00edquelo con movimientos ascendentes y externos sobre el rostro y el cuello. Se puede usar una vez al d\u00eda o seg\u00fan sea necesario. A continuaci\u00f3n, aplique cualquier producto correctivo PCA SKIN adecuado adicional y un producto SPF de amplio espectro durante el d\u00eda y una crema hidratante por la noche.<\/p>\n<p><strong>Ingredientes:<\/strong>  Agua\/Agua\/Agua, Sacarosa, Cucurbita Pepo (Calabaza), Propilenglicol, \u00c1cido L\u00e1ctico, \u00c1cido C\u00edtrico, Octoxinol-9, Fragancia\/Perfume, \u00c1cido Gluc\u00f3nico, Levadura, Aminoguanidina HCL, Aceite de Hoja de Cinnamomum Cassia, Aceite de Hoja de Eugenia Caryophyllus (Clavo), Glutati\u00f3n, Aceite de Ra\u00edz de Zingiber Officinale (Jengibre), Alcohol Desnaturalizado, Salicilato de Zinc, Filtrado de Fermento de Aspergillus\/Melaza, Glicerina, Cloruro de Potasio, Benzoato de Bencilo, Eugenol, Cumarina, Cinamal, Isoeugenol, Alcohol Cin\u00e1mico<\/p>\n","protected":false},"excerpt":{"rendered":"<p>Un t\u00f3nico a base de vino de calabaza dise\u00f1ado para refinar la apariencia de los poros, exfoliar suavemente y proporcionar un beneficio nutricional adicional a la piel.<\/p>\n<ul>\n<li>Las vitaminas, los amino\u00e1cidos, las enzimas y otros ingredientes avanzados exfolian suavemente para crear un brillo saludable<\/li>\n<\/ul>\n","protected":false},"featured_media":13500,"comment_status":"open","ping_status":"closed","template":"","meta":{"ocean_post_layout":"","ocean_both_sidebars_style":"","ocean_both_sidebars_content_width":0,"ocean_both_sidebars_sidebars_width":0,"ocean_sidebar":"0","ocean_second_sidebar":"0","ocean_disable_margins":"enable","ocean_add_body_class":"","ocean_shortcode_before_top_bar":"","ocean_shortcode_after_top_bar":"","ocean_shortcode_before_header":"","ocean_shortcode_after_header":"","ocean_has_shortcode":"","ocean_shortcode_after_title":"","ocean_shortcode_before_footer_widgets":"","ocean_shortcode_after_footer_widgets":"","ocean_shortcode_before_footer_bottom":"","ocean_shortcode_after_footer_bottom":"","ocean_display_top_bar":"default","ocean_display_header":"default","ocean_header_style":"","ocean_center_header_left_menu":"0","ocean_custom_header_template":"0","ocean_custom_logo":0,"ocean_custom_retina_logo":0,"ocean_custom_logo_max_width":0,"ocean_custom_logo_tablet_max_width":0,"ocean_custom_logo_mobile_max_width":0,"ocean_custom_logo_max_height":0,"ocean_custom_logo_tablet_max_height":0,"ocean_custom_logo_mobile_max_height":0,"ocean_header_custom_menu":"0","ocean_menu_typo_font_family":"0","ocean_menu_typo_font_subset":"","ocean_menu_typo_font_size":0,"ocean_menu_typo_font_size_tablet":0,"ocean_menu_typo_font_size_mobile":0,"ocean_menu_typo_font_size_unit":"px","ocean_menu_typo_font_weight":"","ocean_menu_typo_font_weight_tablet":"","ocean_menu_typo_font_weight_mobile":"","ocean_menu_typo_transform":"","ocean_menu_typo_transform_tablet":"","ocean_menu_typo_transform_mobile":"","ocean_menu_typo_line_height":0,"ocean_menu_typo_line_height_tablet":0,"ocean_menu_typo_line_height_mobile":0,"ocean_menu_typo_line_height_unit":"","ocean_menu_typo_spacing":0,"ocean_menu_typo_spacing_tablet":0,"ocean_menu_typo_spacing_mobile":0,"ocean_menu_typo_spacing_unit":"","ocean_menu_link_color":"","ocean_menu_link_color_hover":"","ocean_menu_link_color_active":"","ocean_menu_link_background":"","ocean_menu_link_hover_background":"","ocean_menu_link_active_background":"","ocean_menu_social_links_bg":"","ocean_menu_social_hover_links_bg":"","ocean_menu_social_links_color":"","ocean_menu_social_hover_links_color":"","ocean_disable_title":"default","ocean_disable_heading":"default","ocean_post_title":"","ocean_post_subheading":"","ocean_post_title_style":"","ocean_post_title_background_color":"","ocean_post_title_background":0,"ocean_post_title_bg_image_position":"","ocean_post_title_bg_image_attachment":"","ocean_post_title_bg_image_repeat":"","ocean_post_title_bg_image_size":"","ocean_post_title_height":0,"ocean_post_title_bg_overlay":0.5,"ocean_post_title_bg_overlay_color":"","ocean_disable_breadcrumbs":"default","ocean_breadcrumbs_color":"","ocean_breadcrumbs_separator_color":"","ocean_breadcrumbs_links_color":"","ocean_breadcrumbs_links_hover_color":"","ocean_display_footer_widgets":"default","ocean_display_footer_bottom":"default","ocean_custom_footer_template":"0","_links_to":"","_links_to_target":""},"product_brand":[],"product_cat":[368],"product_tag":[],"giftcard-category":[],"class_list":{"0":"post-13759","1":"product","2":"type-product","3":"status-publish","4":"has-post-thumbnail","6":"product_cat-limpiadores-tonicos","8":"entry","9":"has-media","11":"first","12":"instock","13":"taxable","14":"shipping-taxable","15":"purchasable","16":"product-type-simple","17":"has-product-nav","18":"col","19":"span_1_of_4","20":"owp-content-center","21":"owp-thumbs-layout-horizontal","22":"owp-btn-normal","23":"owp-tabs-layout-horizontal"},"_links":{"self":[{"href":"https:\/\/beiamedispa.com\/es\/wp-json\/wp\/v2\/product\/13759","targetHints":{"allow":["GET"]}}],"collection":[{"href":"https:\/\/beiamedispa.com\/es\/wp-json\/wp\/v2\/product"}],"about":[{"href":"https:\/\/beiamedispa.com\/es\/wp-json\/wp\/v2\/types\/product"}],"replies":[{"embeddable":true,"href":"https:\/\/beiamedispa.com\/es\/wp-json\/wp\/v2\/comments?post=13759"}],"version-history":[{"count":0,"href":"https:\/\/beiamedispa.com\/es\/wp-json\/wp\/v2\/product\/13759\/revisions"}],"wp:featuredmedia":[{"embeddable":true,"href":"https:\/\/beiamedispa.com\/es\/wp-json\/wp\/v2\/media\/13500"}],"wp:attachment":[{"href":"https:\/\/beiamedispa.com\/es\/wp-json\/wp\/v2\/media?parent=13759"}],"wp:term":[{"taxonomy":"product_brand","embeddable":true,"href":"https:\/\/beiamedispa.com\/es\/wp-json\/wp\/v2\/product_brand?post=13759"},{"taxonomy":"product_cat","embeddable":true,"href":"https:\/\/beiamedispa.com\/es\/wp-json\/wp\/v2\/product_cat?post=13759"},{"taxonomy":"product_tag","embeddable":true,"href":"https:\/\/beiamedispa.com\/es\/wp-json\/wp\/v2\/product_tag?post=13759"},{"taxonomy":"giftcard-category","embeddable":true,"href":"https:\/\/beiamedispa.com\/es\/wp-json\/wp\/v2\/giftcard-category?post=13759"}],"curies":[{"name":"wp","href":"https:\/\/api.w.org\/{rel}","templated":true}]}}