{"id":13758,"date":"2024-03-27T02:37:45","date_gmt":"2024-04-05T07:09:31","guid":{"rendered":"https:\/\/beiamedispa.com\/product\/suero-potenciador-del-acido-hialuronico\/"},"modified":"2024-04-05T03:09:31","modified_gmt":"2024-04-05T07:09:31","slug":"suero-potenciador-del-acido-hialuronico","status":"publish","type":"product","link":"https:\/\/beiamedispa.com\/es\/producto\/suero-potenciador-del-acido-hialuronico\/","title":{"rendered":"Suero potenciador del \u00e1cido hialur\u00f3nico"},"content":{"rendered":"<p>Despu\u00e9s de la limpieza, aplicar en todo el rostro y el cuello por la ma\u00f1ana y por la noche para obtener la m\u00e1xima hidrataci\u00f3n y relleno de la piel. A continuaci\u00f3n, aplique el producto adecuado PCA SKIN de amplio espectro SPF durante el d\u00eda y la crema hidratante por la noche.<\/p>\n<p>&nbsp;<\/p>\n<p><iframe title=\"C\u00f3mo rellenar y suavizar instant\u00e1neamente la piel y los labios con \u00e1cido hialur\u00f3nico PCA SKIN\" src=\"https:\/\/www.youtube.com\/embed\/a4eqAXGw9fk\" width=\"458\" height=\"398\" frameborder=\"0\" allowfullscreen=\"allowfullscreen\"><\/iframe><\/p>\n<p><strong>Ingredientes:<\/strong>  Agua, Propanodiol, Glicerina, Dimeticona, Niacinamida, Extracto de Levadura Hidrolizada, Diestearato de Poligliceril-6, Alcanos de Coco, Fenoxietanol, \u00c9steres de Jojoba, Isododecano, Pol\u00edmero Cruzado de Dimeticona, Carb\u00f3mero, Polisilicona-11, Alcohol Cet\u00edlico, Cera de Abejas de Poligliceril-3, Benzoato de Sodio, Goma Xantana, \u00c1cido Hialur\u00f3nico Hidrolizado, Hialuronato de Sodio, Lauroil Lactilato de Sodio, Fosfato de Acetil Glucosamina Dis\u00f3dico, Glicosaminoglicanos Hidrolizados, Hidr\u00f3xido de Sodio, Etilhexilglicerina, Ra\u00edz de Polygonum Bistorta Extracto, Cetil Hidroxietilcelulosa, Aceite de Hoja de Rosmarinus Officinalis (Romero), Aroma, \u00c1cido Poliglucur\u00f3nico, Ceramida NP, Carragenina S\u00f3dica, Ceramida AP, Fitoesfingosina, Colesterol, Lecitina, Sal de Maris, Filtrado de Lisado de Fermento de Ra\u00edz de Leuconostoc\/R\u00e1bano, \u00c1cido Hialur\u00f3nico, Ceramida EOP<\/p>\n","protected":false},"excerpt":{"rendered":"<p>Esta mezcla suavizante de ingredientes proporciona una hidrataci\u00f3n profunda y duradera en tres niveles: en la superficie, m\u00e1s profundamente en la piel y aumentando la producci\u00f3n de \u00e1cido hialur\u00f3nico propia de la piel.<\/p>\n<ul>\n<li>Hidrataci\u00f3n instant\u00e1nea y alisado en la superficie de la piel<\/li>\n<li>Hidrataci\u00f3n m\u00e1s profunda y reducci\u00f3n de l\u00edneas finas con la adici\u00f3n de \u00e1cido hialur\u00f3nico hidrolizado<\/li>\n<li>La mezcla patentada HA-Pro Complex<sup>TM<\/sup> estimula a la piel a crear su propio \u00e1cido hialur\u00f3nico, lo que resulta en antienvejecimiento e hidrataci\u00f3n a largo plazo<\/li>\n<\/ul>\n","protected":false},"featured_media":13521,"comment_status":"open","ping_status":"closed","template":"","meta":{"ocean_post_layout":"","ocean_both_sidebars_style":"","ocean_both_sidebars_content_width":0,"ocean_both_sidebars_sidebars_width":0,"ocean_sidebar":"0","ocean_second_sidebar":"0","ocean_disable_margins":"enable","ocean_add_body_class":"","ocean_shortcode_before_top_bar":"","ocean_shortcode_after_top_bar":"","ocean_shortcode_before_header":"","ocean_shortcode_after_header":"","ocean_has_shortcode":"","ocean_shortcode_after_title":"","ocean_shortcode_before_footer_widgets":"","ocean_shortcode_after_footer_widgets":"","ocean_shortcode_before_footer_bottom":"","ocean_shortcode_after_footer_bottom":"","ocean_display_top_bar":"default","ocean_display_header":"default","ocean_header_style":"","ocean_center_header_left_menu":"0","ocean_custom_header_template":"0","ocean_custom_logo":0,"ocean_custom_retina_logo":0,"ocean_custom_logo_max_width":0,"ocean_custom_logo_tablet_max_width":0,"ocean_custom_logo_mobile_max_width":0,"ocean_custom_logo_max_height":0,"ocean_custom_logo_tablet_max_height":0,"ocean_custom_logo_mobile_max_height":0,"ocean_header_custom_menu":"0","ocean_menu_typo_font_family":"0","ocean_menu_typo_font_subset":"","ocean_menu_typo_font_size":0,"ocean_menu_typo_font_size_tablet":0,"ocean_menu_typo_font_size_mobile":0,"ocean_menu_typo_font_size_unit":"px","ocean_menu_typo_font_weight":"","ocean_menu_typo_font_weight_tablet":"","ocean_menu_typo_font_weight_mobile":"","ocean_menu_typo_transform":"","ocean_menu_typo_transform_tablet":"","ocean_menu_typo_transform_mobile":"","ocean_menu_typo_line_height":0,"ocean_menu_typo_line_height_tablet":0,"ocean_menu_typo_line_height_mobile":0,"ocean_menu_typo_line_height_unit":"","ocean_menu_typo_spacing":0,"ocean_menu_typo_spacing_tablet":0,"ocean_menu_typo_spacing_mobile":0,"ocean_menu_typo_spacing_unit":"","ocean_menu_link_color":"","ocean_menu_link_color_hover":"","ocean_menu_link_color_active":"","ocean_menu_link_background":"","ocean_menu_link_hover_background":"","ocean_menu_link_active_background":"","ocean_menu_social_links_bg":"","ocean_menu_social_hover_links_bg":"","ocean_menu_social_links_color":"","ocean_menu_social_hover_links_color":"","ocean_disable_title":"default","ocean_disable_heading":"default","ocean_post_title":"","ocean_post_subheading":"","ocean_post_title_style":"","ocean_post_title_background_color":"","ocean_post_title_background":0,"ocean_post_title_bg_image_position":"","ocean_post_title_bg_image_attachment":"","ocean_post_title_bg_image_repeat":"","ocean_post_title_bg_image_size":"","ocean_post_title_height":0,"ocean_post_title_bg_overlay":0.5,"ocean_post_title_bg_overlay_color":"","ocean_disable_breadcrumbs":"default","ocean_breadcrumbs_color":"","ocean_breadcrumbs_separator_color":"","ocean_breadcrumbs_links_color":"","ocean_breadcrumbs_links_hover_color":"","ocean_display_footer_widgets":"default","ocean_display_footer_bottom":"default","ocean_custom_footer_template":"0","_links_to":"","_links_to_target":""},"product_brand":[],"product_cat":[367],"product_tag":[],"giftcard-category":[],"class_list":{"0":"post-13758","1":"product","2":"type-product","3":"status-publish","4":"has-post-thumbnail","6":"product_cat-sueros","8":"entry","9":"has-media","11":"first","12":"instock","13":"taxable","14":"shipping-taxable","15":"purchasable","16":"product-type-simple","17":"has-product-nav","18":"col","19":"span_1_of_4","20":"owp-content-center","21":"owp-thumbs-layout-horizontal","22":"owp-btn-normal","23":"owp-tabs-layout-horizontal"},"_links":{"self":[{"href":"https:\/\/beiamedispa.com\/es\/wp-json\/wp\/v2\/product\/13758","targetHints":{"allow":["GET"]}}],"collection":[{"href":"https:\/\/beiamedispa.com\/es\/wp-json\/wp\/v2\/product"}],"about":[{"href":"https:\/\/beiamedispa.com\/es\/wp-json\/wp\/v2\/types\/product"}],"replies":[{"embeddable":true,"href":"https:\/\/beiamedispa.com\/es\/wp-json\/wp\/v2\/comments?post=13758"}],"version-history":[{"count":0,"href":"https:\/\/beiamedispa.com\/es\/wp-json\/wp\/v2\/product\/13758\/revisions"}],"wp:featuredmedia":[{"embeddable":true,"href":"https:\/\/beiamedispa.com\/es\/wp-json\/wp\/v2\/media\/13521"}],"wp:attachment":[{"href":"https:\/\/beiamedispa.com\/es\/wp-json\/wp\/v2\/media?parent=13758"}],"wp:term":[{"taxonomy":"product_brand","embeddable":true,"href":"https:\/\/beiamedispa.com\/es\/wp-json\/wp\/v2\/product_brand?post=13758"},{"taxonomy":"product_cat","embeddable":true,"href":"https:\/\/beiamedispa.com\/es\/wp-json\/wp\/v2\/product_cat?post=13758"},{"taxonomy":"product_tag","embeddable":true,"href":"https:\/\/beiamedispa.com\/es\/wp-json\/wp\/v2\/product_tag?post=13758"},{"taxonomy":"giftcard-category","embeddable":true,"href":"https:\/\/beiamedispa.com\/es\/wp-json\/wp\/v2\/giftcard-category?post=13758"}],"curies":[{"name":"wp","href":"https:\/\/api.w.org\/{rel}","templated":true}]}}