{"id":6733,"date":"2021-10-20T11:36:52","date_gmt":"2021-10-20T11:36:52","guid":{"rendered":"https:\/\/beiamedispa.com\/politica-de-reembolsos-y-devoluciones\/"},"modified":"2021-10-20T11:36:56","modified_gmt":"2021-10-20T11:36:56","slug":"politica-de-reembolsos-y-devoluciones","status":"publish","type":"page","link":"https:\/\/beiamedispa.com\/es\/politica-de-reembolsos-y-devoluciones\/","title":{"rendered":"Pol\u00edtica de reembolsos y devoluciones"},"content":{"rendered":"\n<p><b>Esta es una p\u00e1gina de ejemplo.<\/b><\/p>\n\n<h3>Overview<\/h3>\n\n<p>Nuestra pol\u00edtica de reembolsos y devoluciones dura 30 d\u00edas. Si han pasado 30 d\u00edas desde su compra, no podemos ofrecerle un reembolso o cambio completo.<\/p>\n\n<p>Para ser elegible para una devoluci\u00f3n, su art\u00edculo debe estar sin usar y en las mismas condiciones en que lo recibi\u00f3. Tambi\u00e9n debe estar en el embalaje original.<\/p>\n\n<p>Varios tipos de bienes est\u00e1n exentos de ser devueltos. Los productos perecederos como alimentos, flores, peri\u00f3dicos o revistas no pueden ser devueltos. Tampoco aceptamos productos que sean bienes \u00edntimos o sanitarios, materiales peligrosos o l\u00edquidos o gases inflamables.<\/p>\n\n<p>Art\u00edculos adicionales no retornables:<\/p>\n\n<ul class=\"wp-block-list\">\n<li>Tarjetas de regalo<\/li>\n<li>Productos de software descargables<\/li>\n<li>Algunos art\u00edculos de salud y cuidado personal<\/li>\n<\/ul>\n\n<p>Para completar su devoluci\u00f3n, requerimos un recibo o comprobante de compra.<\/p>\n\n<p>Por favor, no env\u00ede su compra de vuelta al fabricante.<\/p>\n\n<p>Hay ciertas situaciones en las que solo se conceden reembolsos parciales:<\/p>\n\n<ul class=\"wp-block-list\">\n<li>Libro con signos obvios de uso<\/li>\n<li>CD, DVD, cinta VHS, software, videojuego, cinta de casete o disco de vinilo que se ha abierto.<\/li>\n<li>Cualquier art\u00edculo que no est\u00e9 en su estado original, est\u00e1 da\u00f1ado o faltan piezas por razones que no se deben a nuestro error.<\/li>\n<li>Cualquier art\u00edculo que se devuelva m\u00e1s de 30 d\u00edas despu\u00e9s de la entrega<\/li>\n<\/ul>\n\n<h2>Refunds<\/h2>\n\n<p>Una vez que su devoluci\u00f3n sea recibida e inspeccionada, le enviaremos un correo electr\u00f3nico para notificarle que hemos recibido su art\u00edculo devuelto. Tambi\u00e9n le notificaremos de la aprobaci\u00f3n o rechazo de su reembolso.<\/p>\n\n<p>Si es aprobado, se procesar\u00e1 su reembolso y se aplicar\u00e1 autom\u00e1ticamente un cr\u00e9dito a su tarjeta de cr\u00e9dito o m\u00e9todo de pago original, dentro de un cierto per\u00edodo de d\u00edas.<\/p>\n\n<b>Late or missing refunds<\/b>\n\n<p>Si a\u00fan no ha recibido un reembolso, primero verifique su cuenta bancaria nuevamente.<\/p>\n\n<p>Luego, comun\u00edquese con la compa\u00f1\u00eda de su tarjeta de cr\u00e9dito, puede tomar alg\u00fan tiempo antes de que su reembolso se publique oficialmente.<\/p>\n\n<p>A continuaci\u00f3n, p\u00f3ngase en contacto con su banco. A menudo hay alg\u00fan tiempo de procesamiento antes de que se publique un reembolso.<\/p>\n\n<p>Si ha hecho todo esto y a\u00fan no ha recibido su reembolso, cont\u00e1ctenos en {direcci\u00f3n de correo electr\u00f3nico}.<\/p>\n\n<b>Sale items<\/b>\n\n<p>Solo los art\u00edculos de precio regular pueden ser reembolsados. Los art\u00edculos en venta no pueden ser reembolsados.<\/p>\n\n<h2>Exchanges<\/h2>\n\n<p>Solo reemplazamos art\u00edculos si est\u00e1n defectuosos o da\u00f1ados. Si necesita cambiarlo por el mismo art\u00edculo, env\u00edenos un correo electr\u00f3nico a {direcci\u00f3n de correo electr\u00f3nico} y env\u00ede su art\u00edculo a: {direcci\u00f3n f\u00edsica}.<\/p>\n\n<h2>Gifts<\/h2>\n\n<p>Si el art\u00edculo se marc\u00f3 como regalo cuando se compr\u00f3 y se envi\u00f3 directamente a usted, recibir\u00e1 un cr\u00e9dito de regalo por el valor de su devoluci\u00f3n. Una vez que se reciba el art\u00edculo devuelto, se le enviar\u00e1 por correo un certificado de regalo.<\/p>\n\n<p>Si el art\u00edculo no estaba marcado como regalo cuando se compr\u00f3, o si el dador del regalo se envi\u00f3 el pedido para d\u00e1rselo m\u00e1s tarde, le enviaremos un reembolso al dador del regalo y se enterar\u00e1n de su devoluci\u00f3n.<\/p>\n\n<h2>Shipping returns<\/h2>\n\n<p>Para devolver su producto, debe enviarlo por correo a: {direcci\u00f3n f\u00edsica}.<\/p>\n\n<p>Usted ser\u00e1 responsable de pagar sus propios gastos de env\u00edo para la devoluci\u00f3n de su art\u00edculo. Los gastos de env\u00edo no son reembolsables. Si recibe un reembolso, el costo del env\u00edo de devoluci\u00f3n se deducir\u00e1 de su reembolso.<\/p>\n\n<p>Dependiendo de d\u00f3nde viva, el tiempo que puede tardar su producto intercambiado en llegar a usted puede variar.<\/p>\n\n<p>Si est\u00e1 devolviendo art\u00edculos m\u00e1s caros, puede considerar usar un servicio de env\u00edo rastreable o comprar un seguro de env\u00edo. No garantizamos que recibiremos su art\u00edculo devuelto.<\/p>\n\n<h2>Need help?<\/h2>\n\n<p>Cont\u00e1ctenos en {email} para preguntas relacionadas con reembolsos y devoluciones.<\/p>\n","protected":false},"excerpt":{"rendered":"<p>Esta es una p\u00e1gina de ejemplo. Overview Nuestra pol\u00edtica de reembolsos y devoluciones dura 30 d\u00edas. Si han pasado 30 d\u00edas desde su compra, no podemos ofrecerle un reembolso o cambio completo. Para ser elegible para una devoluci\u00f3n, su art\u00edculo debe estar sin usar y en las mismas condiciones en que lo recibi\u00f3. Tambi\u00e9n debe [&hellip;]<\/p>\n","protected":false},"author":1,"featured_media":0,"parent":0,"menu_order":0,"comment_status":"closed","ping_status":"closed","template":"","meta":{"ocean_post_layout":"","ocean_both_sidebars_style":"","ocean_both_sidebars_content_width":0,"ocean_both_sidebars_sidebars_width":0,"ocean_sidebar":"","ocean_second_sidebar":"","ocean_disable_margins":"enable","ocean_add_body_class":"","ocean_shortcode_before_top_bar":"","ocean_shortcode_after_top_bar":"","ocean_shortcode_before_header":"","ocean_shortcode_after_header":"","ocean_has_shortcode":"","ocean_shortcode_after_title":"","ocean_shortcode_before_footer_widgets":"","ocean_shortcode_after_footer_widgets":"","ocean_shortcode_before_footer_bottom":"","ocean_shortcode_after_footer_bottom":"","ocean_display_top_bar":"default","ocean_display_header":"default","ocean_header_style":"","ocean_center_header_left_menu":"","ocean_custom_header_template":"","ocean_custom_logo":0,"ocean_custom_retina_logo":0,"ocean_custom_logo_max_width":0,"ocean_custom_logo_tablet_max_width":0,"ocean_custom_logo_mobile_max_width":0,"ocean_custom_logo_max_height":0,"ocean_custom_logo_tablet_max_height":0,"ocean_custom_logo_mobile_max_height":0,"ocean_header_custom_menu":"","ocean_menu_typo_font_family":"","ocean_menu_typo_font_subset":"","ocean_menu_typo_font_size":0,"ocean_menu_typo_font_size_tablet":0,"ocean_menu_typo_font_size_mobile":0,"ocean_menu_typo_font_size_unit":"px","ocean_menu_typo_font_weight":"","ocean_menu_typo_font_weight_tablet":"","ocean_menu_typo_font_weight_mobile":"","ocean_menu_typo_transform":"","ocean_menu_typo_transform_tablet":"","ocean_menu_typo_transform_mobile":"","ocean_menu_typo_line_height":0,"ocean_menu_typo_line_height_tablet":0,"ocean_menu_typo_line_height_mobile":0,"ocean_menu_typo_line_height_unit":"","ocean_menu_typo_spacing":0,"ocean_menu_typo_spacing_tablet":0,"ocean_menu_typo_spacing_mobile":0,"ocean_menu_typo_spacing_unit":"","ocean_menu_link_color":"","ocean_menu_link_color_hover":"","ocean_menu_link_color_active":"","ocean_menu_link_background":"","ocean_menu_link_hover_background":"","ocean_menu_link_active_background":"","ocean_menu_social_links_bg":"","ocean_menu_social_hover_links_bg":"","ocean_menu_social_links_color":"","ocean_menu_social_hover_links_color":"","ocean_disable_title":"default","ocean_disable_heading":"default","ocean_post_title":"","ocean_post_subheading":"","ocean_post_title_style":"","ocean_post_title_background_color":"","ocean_post_title_background":0,"ocean_post_title_bg_image_position":"","ocean_post_title_bg_image_attachment":"","ocean_post_title_bg_image_repeat":"","ocean_post_title_bg_image_size":"","ocean_post_title_height":0,"ocean_post_title_bg_overlay":0.5,"ocean_post_title_bg_overlay_color":"","ocean_disable_breadcrumbs":"default","ocean_breadcrumbs_color":"","ocean_breadcrumbs_separator_color":"","ocean_breadcrumbs_links_color":"","ocean_breadcrumbs_links_hover_color":"","ocean_display_footer_widgets":"default","ocean_display_footer_bottom":"default","ocean_custom_footer_template":"","footnotes":"","_links_to":"","_links_to_target":""},"class_list":["post-6733","page","type-page","status-publish","hentry","entry","owp-thumbs-layout-horizontal","owp-btn-normal","owp-tabs-layout-horizontal","has-no-thumbnails","has-product-nav"],"_links":{"self":[{"href":"https:\/\/beiamedispa.com\/es\/wp-json\/wp\/v2\/pages\/6733","targetHints":{"allow":["GET"]}}],"collection":[{"href":"https:\/\/beiamedispa.com\/es\/wp-json\/wp\/v2\/pages"}],"about":[{"href":"https:\/\/beiamedispa.com\/es\/wp-json\/wp\/v2\/types\/page"}],"author":[{"embeddable":true,"href":"https:\/\/beiamedispa.com\/es\/wp-json\/wp\/v2\/users\/1"}],"replies":[{"embeddable":true,"href":"https:\/\/beiamedispa.com\/es\/wp-json\/wp\/v2\/comments?post=6733"}],"version-history":[{"count":1,"href":"https:\/\/beiamedispa.com\/es\/wp-json\/wp\/v2\/pages\/6733\/revisions"}],"predecessor-version":[{"id":6734,"href":"https:\/\/beiamedispa.com\/es\/wp-json\/wp\/v2\/pages\/6733\/revisions\/6734"}],"wp:attachment":[{"href":"https:\/\/beiamedispa.com\/es\/wp-json\/wp\/v2\/media?parent=6733"}],"curies":[{"name":"wp","href":"https:\/\/api.w.org\/{rel}","templated":true}]}}