{"id":1826,"date":"2019-04-19T01:28:32","date_gmt":"2019-04-19T01:28:32","guid":{"rendered":"https:\/\/beiamedispa.com\/terminos-y-condiciones\/"},"modified":"2024-04-05T02:57:14","modified_gmt":"2024-04-05T06:57:14","slug":"terminos-y-condiciones","status":"publish","type":"page","link":"https:\/\/beiamedispa.com\/es\/terminos-y-condiciones\/","title":{"rendered":"T\u00e9rminos y condiciones"},"content":{"rendered":"\t\t<div data-elementor-type=\"wp-post\" data-elementor-id=\"1826\" class=\"elementor elementor-1826 elementor-796\" data-elementor-post-type=\"page\">\n\t\t\t\t\t\t<section data-particle_enable=\"false\" data-particle-mobile-disabled=\"false\" class=\"elementor-section elementor-top-section elementor-element elementor-element-cd29177 elementor-section-boxed elementor-section-height-default elementor-section-height-default\" data-id=\"cd29177\" data-element_type=\"section\" data-e-type=\"section\">\n\t\t\t\t\t\t<div class=\"elementor-container elementor-column-gap-default\">\n\t\t\t\t\t<div class=\"elementor-column elementor-col-100 elementor-top-column elementor-element elementor-element-8474396\" data-id=\"8474396\" data-element_type=\"column\" data-e-type=\"column\">\n\t\t\t<div class=\"elementor-widget-wrap elementor-element-populated\">\n\t\t\t\t\t\t<div class=\"elementor-element elementor-element-70ebb27 elementor-widget elementor-widget-text-editor\" data-id=\"70ebb27\" data-element_type=\"widget\" data-e-type=\"widget\" data-widget_type=\"text-editor.default\">\n\t\t\t\t<div class=\"elementor-widget-container\">\n\t\t\t\t\t\t\t\t\t<h1>T\u00e9rminos y condiciones de <span class=\"highlight preview_company_name\">Beiamed Medical Spa<\/span><\/h1>\n<h2>Introducci\u00f3n<\/h2>\n<p>Estos T\u00e9rminos y Condiciones Est\u00e1ndar del Sitio Web escritos en esta p\u00e1gina web gestionar\u00e1n su uso de nuestro sitio web, al que beiamed puede acceder en <a href=\"https:\/\/beiamedispa.com\/es\/\"><span class=\"highlight preview_website_url\">beiamedispa.com.<\/span><\/p>\n<p><\/a><\/p>\n<p>Estos t\u00e9rminos se aplicar\u00e1n plenamente y afectar\u00e1n a su uso de este sitio Web. Al utilizar este sitio web, usted acept\u00f3 aceptar todos los t\u00e9rminos y condiciones escritos aqu\u00ed. No debe utilizar este sitio web si no est\u00e1 de acuerdo con cualquiera de estos t\u00e9rminos y condiciones del sitio web est\u00e1ndar.<\/p>\n<p>No se permite el uso de este sitio web a menores o mayores de 18 a\u00f1os.<\/p>\n<h2>Derechos de propiedad intelectual<\/h2>\n<p>Adem\u00e1s del contenido de su propiedad, en virtud de estos t\u00e9rminos, el <span class=\"highlight preview_company_name\">nombre de la empresa<\/span> y\/o sus licenciantes son propietarios de todos los derechos y materiales intelectuales contenidos en este sitio Web.<\/p>\n<p>Se le concede una licencia limitada \u00fanicamente con el fin de ver el material contenido en este sitio Web.<\/p>\n<h2>Restricciones<\/h2>\n<p>Usted est\u00e1 espec\u00edficamente restringido de todo lo siguiente:<\/p>\n<ul>\n<li>publicar cualquier material del sitio web en cualquier otro medio;<\/li>\n<li>vender, sublicenciar y\/o comercializar cualquier material del sitio web;<\/li>\n<li>realizar p\u00fablicamente y\/o mostrar cualquier material del sitio web;<\/li>\n<li>utilizar este sitio web de cualquier manera que sea o pueda ser perjudicial para este sitio web;<\/li>\n<li>utilizar este sitio web de cualquier manera que afecte el acceso de los usuarios a este sitio web;<\/li>\n<li>utilizar este sitio web en contra de las leyes y regulaciones aplicables, o de cualquier manera puede causar da\u00f1os al sitio web, o a cualquier persona o entidad comercial;<\/li>\n<li>participar en la miner\u00eda de datos, la recolecci\u00f3n de datos, la extracci\u00f3n de datos o cualquier otra actividad similar en relaci\u00f3n con este sitio web;<\/li>\n<li>utilizar este sitio web para participar en cualquier tipo de publicidad o marketing.<\/li>\n<\/ul>\n<p>Ciertas \u00e1reas de este sitio web tienen restringido el acceso por su parte y el <span class=\"highlight preview_company_name\">nombre de la empresa<\/span> puede restringir a\u00fan m\u00e1s el acceso por su parte a cualquier \u00e1rea de este sitio web, en cualquier momento, a discreci\u00f3n absoluta. Cualquier ID de usuario y contrase\u00f1a que pueda tener para este sitio web son confidenciales y tambi\u00e9n debe mantener la confidencialidad.<\/p>\n<h2>Su contenido<\/h2>\n<p>En estos t\u00e9rminos y condiciones est\u00e1ndar del sitio web, \u00absu contenido\u00bb significar\u00e1 cualquier audio, texto de v\u00eddeo, im\u00e1genes u otro material que elija Mostrar en este sitio Web. Al mostrar su contenido, usted otorga al <span class=\"highlight preview_company_name\">nombre de la empresa<\/span> una licencia no exclusiva, irrevocable y sublicenciable a nivel mundial para utilizarla, reproducirla, adaptarla, publicarla, traducirla y distribuirla en cualquier medio.<\/p>\n<p>Su contenido debe ser suyo y no debe invadir los derechos de terceros. El nombre de la <span class=\"highlight preview_company_name\">empresa<\/span> se reserva el derecho de eliminar cualquier contenido de este sitio web en cualquier momento y sin previo aviso.<\/p>\n<h2>No hay garant\u00edas<\/h2>\n<p>Este sitio web se proporciona \u00abtal cual\u00bb, con todas las fallas, y el <span class=\"highlight preview_company_name\">nombre de la empresa<\/span> Express no representaciones o garant\u00edas, de ning\u00fan tipo relacionados con este sitio web o los materiales contenidos en este sitio Web. Adem\u00e1s, nada de lo contenido en este sitio web se interpretar\u00e1 como un asesoramiento.<\/p>\n<h2>Limitaci\u00f3n de responsabilidad<\/h2>\n<p>En ning\u00fan caso Company <span class=\"highlight preview_company_name\">Name<\/span>, ni ninguno de sus funcionarios, directores y empleados, ser\u00e1n responsables de nada que surja o est\u00e9 relacionado de alguna manera con su uso de este sitio web, ya sea que dicha responsabilidad est\u00e9 bajo contrato.  El <span class=\"highlight preview_company_name\">nombre de la empresa<\/span>, incluidos sus directivos, directores y empleados, no se responsabilizar\u00e1 de ninguna responsabilidad indirecta, consecuente o especial derivada de o en cualquier forma relacionada con su uso de este sitio Web.<\/p>\n<h2>Indemnizaci\u00f3n<\/h2>\n<p>Por la presente, usted indemnizar\u00e1 al m\u00e1ximo el nombre de la <span class=\"highlight preview_company_name\">empresa<\/span> de y contra cualquier y\/o todas las responsabilidades, costos, demandas, causas de acci\u00f3n, da\u00f1os y gastos que surjan de cualquier manera relacionados con su incumplimiento de cualquiera de las disposiciones de estos t\u00e9rminos.<\/p>\n<h2>Divisibilidad<\/h2>\n<p>Si se constata que alguna disposici\u00f3n de estos t\u00e9rminos es inv\u00e1lida en virtud de cualquier ley aplicable, dichas disposiciones se eliminar\u00e1n sin afectar a las disposiciones restantes del presente documento.<\/p>\n<h2>Variaci\u00f3n de los t\u00e9rminos<\/h2>\n<p>El <span class=\"highlight preview_company_name\">nombre de la empresa<\/span> est\u00e1 autorizado a revisar estos t\u00e9rminos en cualquier momento que considere oportuno, y al utilizar este sitio web, se espera que revise estos t\u00e9rminos de forma peri\u00f3dica.<\/p>\n<h2>Asignaci\u00f3n<\/h2>\n<p>El <span class=\"highlight preview_company_name\">nombre<\/span> de la empresa puede ceder, transferir y subcontratar sus derechos y\/u obligaciones en virtud de estos t\u00e9rminos sin ninguna notificaci\u00f3n. Sin embargo, no se le permite ceder, transferir o subcontratar ninguno de sus derechos y\/u obligaciones en virtud de estos t\u00e9rminos.<\/p>\n<h2>Acuerdo completo<\/h2>\n<p>Estos t\u00e9rminos constituyen el acuerdo completo entre el nombre de la <span class=\"highlight preview_company_name\">empresa<\/span> y usted en relaci\u00f3n con su uso de este sitio web, y reemplazan todos los acuerdos y entendimientos previos.<\/p>\n<h2>Ley aplicable &amp; jurisdicci\u00f3n<\/h2>\n<p>Estos t\u00e9rminos se regir\u00e1n e interpretar\u00e1n de acuerdo con las leyes del estado del <span class=\"highlight preview_country\">pa\u00eds<\/span>, y usted se somete a la jurisdicci\u00f3n no exclusiva de los tribunales estatales y federales ubicados en el <span class=\"highlight preview_country\">pa\u00eds<\/span> para la resoluci\u00f3n de cualquier disputa.<\/p>\n<h2>Pol\u00edtica de reembolso<\/h2>\n<p>NO OFRECEMOS REEMBOLSOS. Sus citas y bienestar son muy importantes para nosotros. Entendemos que, a veces, pueden producirse retrasos inesperados haciendo ajustes de horario. Si necesita cancelar su cita, solicitamos respetuosamente al menos 2 d\u00edas de anticipaci\u00f3n. Nuestra Pol\u00edtica: Cualquier cancelaci\u00f3n o reprogramaci\u00f3n realizada en menos de 2 d\u00edas resultar\u00e1 en una tarifa de cancelaci\u00f3n. El importe de la tarifa ser\u00e1 igual al dep\u00f3sito realizado para el servicio. Si tiene m\u00e1s de 30 minutos de retraso para su servicio, es posible que no podamos acomodarlo. En este caso, se aplicar\u00e1 la misma tarifa de cancelaci\u00f3n igual al dep\u00f3sito realizado. Haremos todo lo posible para reprogramar su servicio por otro tiempo que sea conveniente para usted. Requerimos una tarjeta de cr\u00e9dito para celebrar su cita. Los cargos de cancelaci\u00f3n se cargar\u00e1n en su tarjeta registrada. En caso de una emergencia verdadera e inevitable, se puede aplicar la totalidad o parte de su tarifa de cancelaci\u00f3n a servicios futuros. Una vez m\u00e1s, tenga en cuenta que NO ofrecemos reembolsos.  <a href=\"https:\/\/beiamed.simplybook.it\/v2\/#terms-and-conditions\" target=\"_blank\" rel=\"noopener\">Leer m\u00e1s<\/a><\/p>\n<h2>Pol\u00edtica de cancelaci\u00f3n<\/h2>\n<p>Sus citas y bienestar son muy importantes para nosotros. Entendemos que, a veces, pueden producirse retrasos inesperados, realizando ajustes de horario. Si necesita cancelar su cita, solicitamos respetuosamente al menos 2 d\u00edas de anticipaci\u00f3n. Nuestra Pol\u00edtica: Cualquier cancelaci\u00f3n o reprogramaci\u00f3n realizada en menos de 2 d\u00edas resultar\u00e1 en una tarifa de cancelaci\u00f3n. El importe de la tarifa ser\u00e1 igual al dep\u00f3sito realizado para el servicio. Si tiene m\u00e1s de 30 minutos de retraso para su servicio, es posible que no podamos acomodarlo. En este caso, se aplicar\u00e1 la misma tarifa de cancelaci\u00f3n. Haremos todo lo posible para reprogramar su servicio por otro tiempo que sea conveniente para usted. Requerimos una tarjeta de cr\u00e9dito para celebrar su cita. Los cargos de cancelaci\u00f3n se cargar\u00e1n en su tarjeta registrada. En caso de una emergencia verdadera e inevitable, se puede aplicar la totalidad o parte de su tarifa de cancelaci\u00f3n a servicios futuros.<\/p>\n\t\t\t\t\t\t\t\t<\/div>\n\t\t\t\t<\/div>\n\t\t\t\t\t<\/div>\n\t\t<\/div>\n\t\t\t\t\t<\/div>\n\t\t<\/section>\n\t\t\t\t<\/div>\n\t\t","protected":false},"excerpt":{"rendered":"<p>T\u00e9rminos y condiciones de Beiamed Medical Spa Introducci\u00f3n Estos T\u00e9rminos y Condiciones Est\u00e1ndar del Sitio Web escritos en esta p\u00e1gina web gestionar\u00e1n su uso de nuestro sitio web, al que beiamed puede acceder en beiamedispa.com. Estos t\u00e9rminos se aplicar\u00e1n plenamente y afectar\u00e1n a su uso de este sitio Web. Al utilizar este sitio web, usted [&hellip;]<\/p>\n","protected":false},"author":1,"featured_media":0,"parent":0,"menu_order":0,"comment_status":"closed","ping_status":"closed","template":"elementor_header_footer","meta":{"ocean_post_layout":"","ocean_both_sidebars_style":"","ocean_both_sidebars_content_width":0,"ocean_both_sidebars_sidebars_width":0,"ocean_sidebar":"0","ocean_second_sidebar":"0","ocean_disable_margins":"enable","ocean_add_body_class":"","ocean_shortcode_before_top_bar":"","ocean_shortcode_after_top_bar":"","ocean_shortcode_before_header":"","ocean_shortcode_after_header":"","ocean_has_shortcode":"","ocean_shortcode_after_title":"","ocean_shortcode_before_footer_widgets":"","ocean_shortcode_after_footer_widgets":"","ocean_shortcode_before_footer_bottom":"","ocean_shortcode_after_footer_bottom":"","ocean_display_top_bar":"default","ocean_display_header":"default","ocean_header_style":"","ocean_center_header_left_menu":"0","ocean_custom_header_template":"0","ocean_custom_logo":0,"ocean_custom_retina_logo":0,"ocean_custom_logo_max_width":0,"ocean_custom_logo_tablet_max_width":0,"ocean_custom_logo_mobile_max_width":0,"ocean_custom_logo_max_height":0,"ocean_custom_logo_tablet_max_height":0,"ocean_custom_logo_mobile_max_height":0,"ocean_header_custom_menu":"0","ocean_menu_typo_font_family":"0","ocean_menu_typo_font_subset":"","ocean_menu_typo_font_size":0,"ocean_menu_typo_font_size_tablet":0,"ocean_menu_typo_font_size_mobile":0,"ocean_menu_typo_font_size_unit":"px","ocean_menu_typo_font_weight":"","ocean_menu_typo_font_weight_tablet":"","ocean_menu_typo_font_weight_mobile":"","ocean_menu_typo_transform":"","ocean_menu_typo_transform_tablet":"","ocean_menu_typo_transform_mobile":"","ocean_menu_typo_line_height":0,"ocean_menu_typo_line_height_tablet":0,"ocean_menu_typo_line_height_mobile":0,"ocean_menu_typo_line_height_unit":"","ocean_menu_typo_spacing":0,"ocean_menu_typo_spacing_tablet":0,"ocean_menu_typo_spacing_mobile":0,"ocean_menu_typo_spacing_unit":"","ocean_menu_link_color":"","ocean_menu_link_color_hover":"","ocean_menu_link_color_active":"","ocean_menu_link_background":"","ocean_menu_link_hover_background":"","ocean_menu_link_active_background":"","ocean_menu_social_links_bg":"","ocean_menu_social_hover_links_bg":"","ocean_menu_social_links_color":"","ocean_menu_social_hover_links_color":"","ocean_disable_title":"default","ocean_disable_heading":"default","ocean_post_title":"","ocean_post_subheading":"","ocean_post_title_style":"","ocean_post_title_background_color":"","ocean_post_title_background":0,"ocean_post_title_bg_image_position":"","ocean_post_title_bg_image_attachment":"","ocean_post_title_bg_image_repeat":"","ocean_post_title_bg_image_size":"","ocean_post_title_height":0,"ocean_post_title_bg_overlay":0.5,"ocean_post_title_bg_overlay_color":"","ocean_disable_breadcrumbs":"default","ocean_breadcrumbs_color":"","ocean_breadcrumbs_separator_color":"","ocean_breadcrumbs_links_color":"","ocean_breadcrumbs_links_hover_color":"","ocean_display_footer_widgets":"default","ocean_display_footer_bottom":"default","ocean_custom_footer_template":"0","footnotes":"","_links_to":"","_links_to_target":""},"class_list":["post-1826","page","type-page","status-publish","hentry","entry","owp-thumbs-layout-horizontal","owp-btn-normal","owp-tabs-layout-horizontal","has-no-thumbnails","has-product-nav"],"_links":{"self":[{"href":"https:\/\/beiamedispa.com\/es\/wp-json\/wp\/v2\/pages\/1826","targetHints":{"allow":["GET"]}}],"collection":[{"href":"https:\/\/beiamedispa.com\/es\/wp-json\/wp\/v2\/pages"}],"about":[{"href":"https:\/\/beiamedispa.com\/es\/wp-json\/wp\/v2\/types\/page"}],"author":[{"embeddable":true,"href":"https:\/\/beiamedispa.com\/es\/wp-json\/wp\/v2\/users\/1"}],"replies":[{"embeddable":true,"href":"https:\/\/beiamedispa.com\/es\/wp-json\/wp\/v2\/comments?post=1826"}],"version-history":[{"count":5,"href":"https:\/\/beiamedispa.com\/es\/wp-json\/wp\/v2\/pages\/1826\/revisions"}],"predecessor-version":[{"id":13753,"href":"https:\/\/beiamedispa.com\/es\/wp-json\/wp\/v2\/pages\/1826\/revisions\/13753"}],"wp:attachment":[{"href":"https:\/\/beiamedispa.com\/es\/wp-json\/wp\/v2\/media?parent=1826"}],"curies":[{"name":"wp","href":"https:\/\/api.w.org\/{rel}","templated":true}]}}