{"id":16667,"date":"2025-12-30T09:22:56","date_gmt":"2025-12-30T13:22:56","guid":{"rendered":"https:\/\/beiamedispa.com\/terminos-de-servicio\/"},"modified":"2025-12-30T09:22:57","modified_gmt":"2025-12-30T13:22:57","slug":"terminos-de-servicio","status":"publish","type":"page","link":"https:\/\/beiamedispa.com\/es\/terminos-de-servicio\/","title":{"rendered":"T\u00e9rminos de servicio"},"content":{"rendered":"\t\t<div data-elementor-type=\"wp-post\" data-elementor-id=\"16667\" class=\"elementor elementor-16667 elementor-16661\" data-elementor-post-type=\"page\">\n\t\t\t\t\t\t<section data-particle_enable=\"false\" data-particle-mobile-disabled=\"false\" class=\"elementor-section elementor-top-section elementor-element elementor-element-cd29177 elementor-section-boxed elementor-section-height-default elementor-section-height-default\" data-id=\"cd29177\" data-element_type=\"section\" data-e-type=\"section\">\n\t\t\t\t\t\t<div class=\"elementor-container elementor-column-gap-default\">\n\t\t\t\t\t<div class=\"elementor-column elementor-col-100 elementor-top-column elementor-element elementor-element-8474396\" data-id=\"8474396\" data-element_type=\"column\" data-e-type=\"column\">\n\t\t\t<div class=\"elementor-widget-wrap elementor-element-populated\">\n\t\t\t\t\t\t<div class=\"elementor-element elementor-element-70ebb27 elementor-widget elementor-widget-text-editor\" data-id=\"70ebb27\" data-element_type=\"widget\" data-e-type=\"widget\" data-widget_type=\"text-editor.default\">\n\t\t\t\t<div class=\"elementor-widget-container\">\n\t\t\t\t\t\t\t\t\t<h1>T\u00e9rminos de servicio<\/h1><p>Bienvenidos a BeiaMedispa (\u00abCompa\u00f1\u00eda\u00bb, \u00abnosotros\u00bb, \u00abnuestros\u00bb o \u00abnosotros\u00bb). Al acceder o utilizar nuestra web <a href=\"http:\/\/www.beiamedispa.com\">www.beiamedispa.com<\/a> y <a href=\"http:\/\/www.beiamed.simplybook.it\" target=\"_blank\" rel=\"noopener\">www.beiamed.simplybook.it<\/a>, reservar nuestros servicios o interactuar con nosotros a trav\u00e9s de cualquier plataforma, aceptas cumplir y estar sujeto a los siguientes T\u00e9rminos de Servicio. <\/p><p>Por favor, lee estos t\u00e9rminos detenidamente antes de utilizar nuestro sitio o servicios.<\/p><h2 class=\"p1\"><b>1. Uso del sitio web<\/b><\/h2><p>Debes tener al menos 18 a\u00f1os para utilizar esta p\u00e1gina web o servicios de reserva. Al acceder a este sitio, confirmas que tienes la capacidad legal de firmar este acuerdo y cumplir con sus t\u00e9rminos. <\/p><h2 class=\"p1\"><b>2. Aviso m\u00e9dico<\/b><\/h2><p>Beia Medispa ofrece tratamientos est\u00e9ticos no quir\u00fargicos y servicios de bienestar. Los resultados pueden variar de una persona a otra y no garantizamos resultados espec\u00edficos. Nuestros servicios no est\u00e1n destinados a diagnosticar, tratar, curar o prevenir ninguna condici\u00f3n m\u00e9dica y no deben sustituir el asesoramiento m\u00e9dico de tu m\u00e9dico o profesional sanitario autorizado.  <\/p><h2>3. Citas y cancelaciones<\/h2><ul><li>Las citas deben reservarse y confirmarse con antelaci\u00f3n.<\/li><li>Exigimos al menos 48 horas de aviso para cancelaciones o reprogramaciones. Las cancelaciones tard\u00edas o las ausencias pueden conllevar una tarifa. <\/li><li>Llegar tarde a tu cita puede suponer una reducci\u00f3n del tiempo de tratamiento o la p\u00e9rdida de la sesi\u00f3n. Sin garant\u00edas<\/li><\/ul><h2>4. Pol\u00edtica de Pago y Reembolso<\/h2><ul><li class=\"p1\">El pago completo debe realizarse en el momento de la notificaci\u00f3n, salvo que se especifique lo contrario.<\/li><li>Todas las ventas de servicio son definitivas. No ofrecemos reembolsos por tratamientos una vez que se han prestado. <\/li><li>En caso de un servicio o paquete prepago, no se emitir\u00e1n reembolsos por servicios no utilizados, aunque los cr\u00e9ditos pueden aplicarse a nuestra discreci\u00f3n.<\/li><li>Cualquier disputa o contracargo por servicios ya prestados se considera una violaci\u00f3n de este acuerdo.<\/li><\/ul><h2>5. Promociones y tarjetas regalo<\/h2><p>Las ofertas promocionales, descuentos o tarjetas regalo pueden estar sujetas a fechas de caducidad o l\u00edmites de uso y no pueden combinarse salvo que se indique lo contrario.<\/p><h2>6. Pol\u00edtica de Privacidad<\/h2><p>Tu uso de nuestro sitio y servicios tambi\u00e9n est\u00e1 regulado por nuestra <a href=\"https:\/\/beiamedispa.com\/es\/?page_id=1674\" target=\"_blank\" rel=\"noopener\">Pol\u00edtica de Privacidad<\/a>, que detalla c\u00f3mo recopilamos, utilizamos y protegemos tus datos personales.<\/p><h2>7. Propiedad intelectual<\/h2><p>Todo el contenido de este sitio web, incluyendo im\u00e1genes, logotipos, dise\u00f1o y materiales escritos, es propiedad de Beia Medispa y no puede ser copiado ni reproducido sin permiso por escrito.<\/p><h2>8. Limitaci\u00f3n de responsabilidad<\/h2><p>En la m\u00e1xima medida permitida por la ley, Beia Medispa no ser\u00e1 responsable por da\u00f1os indirectos, incidentales o consecuentes derivados del uso de nuestros servicios o sitio web.<\/p><h2>9. Cambios en los t\u00e9rminos<\/h2><p>Nos reservamos el derecho de modificar estos T\u00e9rminos en cualquier momento. Las actualizaciones se publicar\u00e1n en esta p\u00e1gina con la fecha de entrada en vigor revisada. El uso continuado del sitio y los servicios tras los cambios significa que aceptas los t\u00e9rminos actualizados.  <\/p><h2>10. Informaci\u00f3n de contacto<\/h2><p>Si tiene alguna pregunta sobre estos T\u00e9rminos, por favor cont\u00e1ctenos en:<\/p><p><strong>BeiaMedispa<br>Correo electr\u00f3nico<\/strong>: <a href=\"mailto:info@beiamedispa.com\">info@beiamedispa.com<\/a><br><strong>Tel\u00e9fono<\/strong>: <a href=\"tel:+17869535254\">+1 786 &#8211; 953 &#8211; 5254<\/a><br><strong>P\u00e1gina web<\/strong>: <a href=\"\/\">www.beiamedispa.com<\/a><\/p>\t\t\t\t\t\t\t\t<\/div>\n\t\t\t\t<\/div>\n\t\t\t\t\t<\/div>\n\t\t<\/div>\n\t\t\t\t\t<\/div>\n\t\t<\/section>\n\t\t\t\t<\/div>\n\t\t","protected":false},"excerpt":{"rendered":"<p>T\u00e9rminos de servicio Bienvenidos a BeiaMedispa (\u00abCompa\u00f1\u00eda\u00bb, \u00abnosotros\u00bb, \u00abnuestros\u00bb o \u00abnosotros\u00bb). Al acceder o utilizar nuestra web www.beiamedispa.com y www.beiamed.simplybook.it, reservar nuestros servicios o interactuar con nosotros a trav\u00e9s de cualquier plataforma, aceptas cumplir y estar sujeto a los siguientes T\u00e9rminos de Servicio. Por favor, lee estos t\u00e9rminos detenidamente antes de utilizar nuestro sitio o [&hellip;]<\/p>\n","protected":false},"author":1,"featured_media":0,"parent":0,"menu_order":0,"comment_status":"closed","ping_status":"closed","template":"elementor_header_footer","meta":{"ocean_post_layout":"","ocean_both_sidebars_style":"","ocean_both_sidebars_content_width":0,"ocean_both_sidebars_sidebars_width":0,"ocean_sidebar":"0","ocean_second_sidebar":"0","ocean_disable_margins":"enable","ocean_add_body_class":"","ocean_shortcode_before_top_bar":"","ocean_shortcode_after_top_bar":"","ocean_shortcode_before_header":"","ocean_shortcode_after_header":"","ocean_has_shortcode":"","ocean_shortcode_after_title":"","ocean_shortcode_before_footer_widgets":"","ocean_shortcode_after_footer_widgets":"","ocean_shortcode_before_footer_bottom":"","ocean_shortcode_after_footer_bottom":"","ocean_display_top_bar":"default","ocean_display_header":"default","ocean_header_style":"","ocean_center_header_left_menu":"0","ocean_custom_header_template":"0","ocean_custom_logo":0,"ocean_custom_retina_logo":0,"ocean_custom_logo_max_width":0,"ocean_custom_logo_tablet_max_width":0,"ocean_custom_logo_mobile_max_width":0,"ocean_custom_logo_max_height":0,"ocean_custom_logo_tablet_max_height":0,"ocean_custom_logo_mobile_max_height":0,"ocean_header_custom_menu":"0","ocean_menu_typo_font_family":"0","ocean_menu_typo_font_subset":"","ocean_menu_typo_font_size":0,"ocean_menu_typo_font_size_tablet":0,"ocean_menu_typo_font_size_mobile":0,"ocean_menu_typo_font_size_unit":"px","ocean_menu_typo_font_weight":"","ocean_menu_typo_font_weight_tablet":"","ocean_menu_typo_font_weight_mobile":"","ocean_menu_typo_transform":"","ocean_menu_typo_transform_tablet":"","ocean_menu_typo_transform_mobile":"","ocean_menu_typo_line_height":0,"ocean_menu_typo_line_height_tablet":0,"ocean_menu_typo_line_height_mobile":0,"ocean_menu_typo_line_height_unit":"","ocean_menu_typo_spacing":0,"ocean_menu_typo_spacing_tablet":0,"ocean_menu_typo_spacing_mobile":0,"ocean_menu_typo_spacing_unit":"","ocean_menu_link_color":"","ocean_menu_link_color_hover":"","ocean_menu_link_color_active":"","ocean_menu_link_background":"","ocean_menu_link_hover_background":"","ocean_menu_link_active_background":"","ocean_menu_social_links_bg":"","ocean_menu_social_hover_links_bg":"","ocean_menu_social_links_color":"","ocean_menu_social_hover_links_color":"","ocean_disable_title":"default","ocean_disable_heading":"default","ocean_post_title":"","ocean_post_subheading":"","ocean_post_title_style":"","ocean_post_title_background_color":"","ocean_post_title_background":0,"ocean_post_title_bg_image_position":"","ocean_post_title_bg_image_attachment":"","ocean_post_title_bg_image_repeat":"","ocean_post_title_bg_image_size":"","ocean_post_title_height":0,"ocean_post_title_bg_overlay":0.5,"ocean_post_title_bg_overlay_color":"","ocean_disable_breadcrumbs":"default","ocean_breadcrumbs_color":"","ocean_breadcrumbs_separator_color":"","ocean_breadcrumbs_links_color":"","ocean_breadcrumbs_links_hover_color":"","ocean_display_footer_widgets":"default","ocean_display_footer_bottom":"default","ocean_custom_footer_template":"0","footnotes":"","_links_to":"","_links_to_target":""},"class_list":["post-16667","page","type-page","status-publish","hentry","entry","owp-thumbs-layout-horizontal","owp-btn-normal","owp-tabs-layout-horizontal","has-no-thumbnails","has-product-nav"],"_links":{"self":[{"href":"https:\/\/beiamedispa.com\/es\/wp-json\/wp\/v2\/pages\/16667","targetHints":{"allow":["GET"]}}],"collection":[{"href":"https:\/\/beiamedispa.com\/es\/wp-json\/wp\/v2\/pages"}],"about":[{"href":"https:\/\/beiamedispa.com\/es\/wp-json\/wp\/v2\/types\/page"}],"author":[{"embeddable":true,"href":"https:\/\/beiamedispa.com\/es\/wp-json\/wp\/v2\/users\/1"}],"replies":[{"embeddable":true,"href":"https:\/\/beiamedispa.com\/es\/wp-json\/wp\/v2\/comments?post=16667"}],"version-history":[{"count":1,"href":"https:\/\/beiamedispa.com\/es\/wp-json\/wp\/v2\/pages\/16667\/revisions"}],"predecessor-version":[{"id":16668,"href":"https:\/\/beiamedispa.com\/es\/wp-json\/wp\/v2\/pages\/16667\/revisions\/16668"}],"wp:attachment":[{"href":"https:\/\/beiamedispa.com\/es\/wp-json\/wp\/v2\/media?parent=16667"}],"curies":[{"name":"wp","href":"https:\/\/api.w.org\/{rel}","templated":true}]}}